{"id":64,"date":"2023-11-14T13:42:22","date_gmt":"2023-11-14T13:42:22","guid":{"rendered":"http:\/\/schagerl.online\/product\/richtiger-umgang-mit-asbest-auva-merkblatt\/"},"modified":"2026-04-15T14:16:32","modified_gmt":"2026-04-15T12:16:32","slug":"richtiger-umgang-mit-asbest-auva-merkblatt","status":"publish","type":"product","link":"https:\/\/solarblech.shop\/en\/product\/richtiger-umgang-mit-asbest-auva-merkblatt\/","title":{"rendered":"Correct handling of asbestos \u2013 AUVA leaflet"},"content":{"rendered":"<p>Merkblatt der AUVA f\u00fcr Richtiger Umgang mit Asbest<\/p>\n<p>&nbsp;<\/p>\n<p>When inhaled, asbestos fibers cause serious diseases of the respiratory tract and lungs. The health problems only appear after years (decades) and are hardly treatable. The asbestos-containing building materials, which have been banned since 1990, endanger the health of construction workers and residents - protective measures are still required during demolition.<\/p>\n<p>&nbsp;<\/p>\n<p>Achtung: Regelungen gelten f\u00fcr \u00d6sterreich!<\/p>\n<p>&nbsp;<\/p>\n<p>&nbsp;<\/p>","protected":false},"excerpt":{"rendered":"<p>Merkblatt der AUVA f\u00fcr Richtiger Umgang mit Asbest &nbsp; Asbestfasern f\u00fchren nach dem Einatmen zu schweren Erkrankungen der Atemwege und Lungen. Die Gesundheitsst\u00f6rungen treten erst nach Jahr(zehnt)en auf, und sind kaum behandelbar. Die seit 1990 verbotenen asbesth\u00e4ltigen Baumaterialien gef\u00e4hrdeten die Gesundheit von Bauarbeitern und auch Hausbewohnern &#8211; beim Abbruch sind auch weiterhin Schutzma\u00dfnahmen erforderlich. &nbsp; [&hellip;]<\/p>\n","protected":false},"featured_media":325,"template":"","meta":[],"pwb-brand":[],"product_brand":[],"product_cat":[15],"product_tag":[],"class_list":{"0":"post-64","1":"product","2":"type-product","3":"status-publish","4":"has-post-thumbnail","6":"product_cat-uncategorized","8":"first","9":"instock","10":"sold-individually","11":"taxable","12":"shipping-taxable","13":"product-type-external"},"brands":[],"_links":{"self":[{"href":"https:\/\/solarblech.shop\/en\/wp-json\/wp\/v2\/product\/64","targetHints":{"allow":["GET"]}}],"collection":[{"href":"https:\/\/solarblech.shop\/en\/wp-json\/wp\/v2\/product"}],"about":[{"href":"https:\/\/solarblech.shop\/en\/wp-json\/wp\/v2\/types\/product"}],"wp:featuredmedia":[{"embeddable":true,"href":"https:\/\/solarblech.shop\/en\/wp-json\/wp\/v2\/media\/325"}],"wp:attachment":[{"href":"https:\/\/solarblech.shop\/en\/wp-json\/wp\/v2\/media?parent=64"}],"wp:term":[{"taxonomy":"pwb-brand","embeddable":true,"href":"https:\/\/solarblech.shop\/en\/wp-json\/wp\/v2\/pwb-brand?post=64"},{"taxonomy":"product_brand","embeddable":true,"href":"https:\/\/solarblech.shop\/en\/wp-json\/wp\/v2\/product_brand?post=64"},{"taxonomy":"product_cat","embeddable":true,"href":"https:\/\/solarblech.shop\/en\/wp-json\/wp\/v2\/product_cat?post=64"},{"taxonomy":"product_tag","embeddable":true,"href":"https:\/\/solarblech.shop\/en\/wp-json\/wp\/v2\/product_tag?post=64"}],"curies":[{"name":"wp","href":"https:\/\/api.w.org\/{rel}","templated":true}]}}