{"id":63,"date":"2023-11-14T13:42:22","date_gmt":"2023-11-14T13:42:22","guid":{"rendered":"http:\/\/schagerl.online\/product\/adapterplatte-fur-stockschraube-m10\/"},"modified":"2026-04-29T09:22:12","modified_gmt":"2026-04-29T07:22:12","slug":"adapterplatte-fur-stockschraube","status":"publish","type":"product","link":"https:\/\/solarblech.shop\/en\/product\/adapterplatte-fur-stockschraube\/","title":{"rendered":"Adapter plate for hanger bolt"},"content":{"rendered":"<h5>Adapterplatte f\u00fcr Stockschrauben<\/h5>\n<p>Adapter plates for connecting the hanger bolt to the profile.<\/p>\n<p><strong>M10:<\/strong> Adapter plates, 1 round hole 11 mm + 1 long hole 11 mm<\/p>\n<p>Length (mm): 80.0<br \/>\nMaterial: A2<br \/>\nWidth (mm): 30.0<br \/>\nHeight: 5.0<\/p>\n<p>Stainless steel V2<\/p>\n<p><strong>M12:<\/strong> Adapter plates, 1 round hole 13 mm + 1 long hole 11 mm<\/p>\n<p>Length (mm): 110<br \/>\nMaterial: A2<br \/>\nWidth (mm): 40.0<br \/>\nHeight: 5.0<\/p>\n<p>Stainless steel V2<\/p>","protected":false},"excerpt":{"rendered":"<p>Adapterplatte f\u00fcr Stockschrauben Adapterbleche zur Anbindung der Stockschraube an das Profil. M10: Adapterbleche, 1 Rundloch 11 mm + 1 Langloch 11 mm L\u00e4nge (mm): 80,0 Werkstoff: A2 Breite (mm): 30,0 H\u00f6he: 5,0 Edelstahl V2 M12: Adapterbleche, 1 Rundloch 13 mm + 1 Langloch 11 mm L\u00e4nge (mm): 110 Werkstoff: A2 Breite (mm): 40,0 H\u00f6he: 5,0 [&hellip;]<\/p>\n","protected":false},"featured_media":291,"template":"","meta":[],"pwb-brand":[],"product_brand":[],"product_cat":[50],"product_tag":[],"class_list":{"0":"post-63","1":"product","2":"type-product","3":"status-publish","4":"has-post-thumbnail","6":"product_cat-stockschrauben-und-adapterbleche","8":"first","9":"instock","10":"taxable","11":"shipping-taxable","12":"purchasable","13":"product-type-variable","14":"has-default-attributes"},"brands":[],"_links":{"self":[{"href":"https:\/\/solarblech.shop\/en\/wp-json\/wp\/v2\/product\/63","targetHints":{"allow":["GET"]}}],"collection":[{"href":"https:\/\/solarblech.shop\/en\/wp-json\/wp\/v2\/product"}],"about":[{"href":"https:\/\/solarblech.shop\/en\/wp-json\/wp\/v2\/types\/product"}],"wp:featuredmedia":[{"embeddable":true,"href":"https:\/\/solarblech.shop\/en\/wp-json\/wp\/v2\/media\/291"}],"wp:attachment":[{"href":"https:\/\/solarblech.shop\/en\/wp-json\/wp\/v2\/media?parent=63"}],"wp:term":[{"taxonomy":"pwb-brand","embeddable":true,"href":"https:\/\/solarblech.shop\/en\/wp-json\/wp\/v2\/pwb-brand?post=63"},{"taxonomy":"product_brand","embeddable":true,"href":"https:\/\/solarblech.shop\/en\/wp-json\/wp\/v2\/product_brand?post=63"},{"taxonomy":"product_cat","embeddable":true,"href":"https:\/\/solarblech.shop\/en\/wp-json\/wp\/v2\/product_cat?post=63"},{"taxonomy":"product_tag","embeddable":true,"href":"https:\/\/solarblech.shop\/en\/wp-json\/wp\/v2\/product_tag?post=63"}],"curies":[{"name":"wp","href":"https:\/\/api.w.org\/{rel}","templated":true}]}}