{"id":60,"date":"2023-11-14T13:42:21","date_gmt":"2023-11-14T13:42:21","guid":{"rendered":"http:\/\/schagerl.online\/product\/flanschgehause-3-fach-ip65-inkl-tullen-und-dichtung\/"},"modified":"2025-10-03T09:14:21","modified_gmt":"2025-10-03T07:14:21","slug":"flanschgehaeuse-3-fach-ip65-inkl","status":"publish","type":"product","link":"https:\/\/solarblech.shop\/en\/product\/flanschgehaeuse-3-fach-ip65-inkl\/","title":{"rendered":"Flange housing 3-fold IP65 including grommets and seal"},"content":{"rendered":"<h5>Divisible flange housing to 90\u00b0 <a href=\"https:\/\/solarblech.shop\/en\/product\/kabeleinfuehrung-ip65-flanschgehaeuse\/\">Cable entry<\/a> of cables with plugs \/ IP65<\/h5>\n<p>Versatile 3-fold flange housing with IP65 protection class, complete with grommets and seal. Perfect for safe use in demanding environments. Discover now a reliable solution for your individual requirements for robust and protected housings for electronic components.<\/p>\n<p>Included in the set:<\/p>\n<ul>\n<li>3-fold flange housing<\/li>\n<li>integrated seal<\/li>\n<li>3 grommets (clamping range 4-7mm)<\/li>\n<li>3 grommets (clamping range 8-11mm)<\/li>\n<\/ul>\n<p>With an installation height of only 38 mm, this flange housing can be installed in most roofs <a href=\"http:\/\/www.esz.at\/\" rel=\"nofollow noopener\" target=\"_blank\">use.<\/a><\/p>\n<p>To cover a clamping range of 4-11 mm, a total of 6 grommets are included in the set. This means that 4mm\u00b2 solar cables (5.25mm) up to 16mm\u00b2 ground cables (9.9mm) can be clamped tightly without any problems.<\/p>\n<ul>\n<li style=\"list-style-type: none;\">\n<ul>\n<li>Length: 100mm<\/li>\n<li>Width: 53mm<\/li>\n<li>Height: 38mm<\/li>\n<li>Installation height: 38 mm<\/li>\n<\/ul>\n<\/li>\n<\/ul>","protected":false},"excerpt":{"rendered":"<p>Teilbares Flanschgeh\u00e4use zur 90\u00b0 Kabeleinf\u00fchrung von Leitungen mit Steckern \/ IP65 Vielseitiges 3-fach Flanschgeh\u00e4use mit IP65 Schutzklasse, komplett inklusive T\u00fcllen und Dichtung. Perfekt f\u00fcr den sicheren Einsatz in anspruchsvollen Umgebungen. Entdecken Sie jetzt eine zuverl\u00e4ssige L\u00f6sung f\u00fcr Ihre individuellen Anforderungen an robuste und gesch\u00fctzte Geh\u00e4use f\u00fcr elektronische Komponenten. Im Set dabei: 3-fach Flanschgeh\u00e4use integrierte Dichtung [&hellip;]<\/p>\n","protected":false},"featured_media":318,"template":"","meta":[],"pwb-brand":[],"product_brand":[],"product_cat":[49],"product_tag":[],"class_list":{"0":"post-60","1":"product","2":"type-product","3":"status-publish","4":"has-post-thumbnail","6":"product_cat-kabeleinfuehrungen-und-flansche","8":"first","9":"instock","10":"taxable","11":"shipping-taxable","12":"purchasable","13":"product-type-simple"},"brands":[],"_links":{"self":[{"href":"https:\/\/solarblech.shop\/en\/wp-json\/wp\/v2\/product\/60","targetHints":{"allow":["GET"]}}],"collection":[{"href":"https:\/\/solarblech.shop\/en\/wp-json\/wp\/v2\/product"}],"about":[{"href":"https:\/\/solarblech.shop\/en\/wp-json\/wp\/v2\/types\/product"}],"wp:featuredmedia":[{"embeddable":true,"href":"https:\/\/solarblech.shop\/en\/wp-json\/wp\/v2\/media\/318"}],"wp:attachment":[{"href":"https:\/\/solarblech.shop\/en\/wp-json\/wp\/v2\/media?parent=60"}],"wp:term":[{"taxonomy":"pwb-brand","embeddable":true,"href":"https:\/\/solarblech.shop\/en\/wp-json\/wp\/v2\/pwb-brand?post=60"},{"taxonomy":"product_brand","embeddable":true,"href":"https:\/\/solarblech.shop\/en\/wp-json\/wp\/v2\/product_brand?post=60"},{"taxonomy":"product_cat","embeddable":true,"href":"https:\/\/solarblech.shop\/en\/wp-json\/wp\/v2\/product_cat?post=60"},{"taxonomy":"product_tag","embeddable":true,"href":"https:\/\/solarblech.shop\/en\/wp-json\/wp\/v2\/product_tag?post=60"}],"curies":[{"name":"wp","href":"https:\/\/api.w.org\/{rel}","templated":true}]}}