{"id":55,"date":"2023-11-14T13:42:21","date_gmt":"2023-11-14T13:42:21","guid":{"rendered":"http:\/\/schagerl.online\/product\/stockschraube-m12-edelstahl-vorkonfektioniert\/"},"modified":"2026-05-02T15:53:01","modified_gmt":"2026-05-02T13:53:01","slug":"stockschrauben-m12-edelstahl","status":"publish","type":"product","link":"https:\/\/solarblech.shop\/en\/product\/stockschrauben-m12-edelstahl\/","title":{"rendered":"Hanger bolts M12, pre-assembled stainless steel"},"content":{"rendered":"<h5>Hanger bolts M12<\/h5>\n<div><\/div>\n<div>With external hexagon, stainless steel<\/div>\n<p>In the set 3 \u00d7 M12 nut and EPDM seal.<\/p>\n<p>Made in Germany<\/p>\n<hr \/>\n<p>Welche L\u00e4nge und Durchmesser ben\u00f6tigen Sie? In den <a href=\"https:\/\/solarblech.shop\/en\/haufige-fragen\/\">H\u00e4ufigen Fragen<\/a> erkl\u00e4ren wir das.<\/p>\n<div>\n<hr \/>\n<p>For the <a href=\"https:\/\/www.aundu.at\/\" rel=\"nofollow noopener\" target=\"_blank\">Assembly<\/a> I recommend the following procedure for the hanger bolt:<\/p>\n<ul>\n<li>Hanger screw M12, pre-drilling in wood \u00d8 8.5 mm<\/li>\n<\/ul>\n<p>The hanger bolt must always be installed perpendicular to the roof pitch.<\/p>\n<ul>\n<li style=\"list-style-type: none;\">\n<ul>\n<li>Nominal diameter: 12mm<\/li>\n<li>Version: Pre-assembled, 1 x EPDM seal, 3 x locking nut,\u00a0<a href=\"https:\/\/solarblech.shop\/en\/product\/solarblech-edelstahl-200x370mm-08mm\/\">stainless steel<\/a> A2<\/li>\n<\/ul>\n<\/li>\n<\/ul>\n<\/div>","protected":false},"excerpt":{"rendered":"<p>Stockschrauben M12 Mit Au\u00dfensechskant, Edelstahl Im Set 3 \u00d7 Mutter M12 und Dichtung EPDM. Hergestellt in Deutschland Welche L\u00e4nge und Durchmesser ben\u00f6tigen Sie? In den H\u00e4ufigen Fragen erkl\u00e4ren wir das. F\u00fcr die Montage der Stockschraube empfehle ich folgende Vorgehensweise: Stockschraube M12, Vorbohren in Holz \u00d8 8.5 mm Die Montage der Stockschraube ist immer in senkrechter [&hellip;]<\/p>\n","protected":false},"featured_media":870,"template":"","meta":[],"pwb-brand":[],"product_brand":[],"product_cat":[50],"product_tag":[],"class_list":{"0":"post-55","1":"product","2":"type-product","3":"status-publish","4":"has-post-thumbnail","6":"product_cat-stockschrauben-und-adapterbleche","8":"first","9":"instock","10":"taxable","11":"shipping-taxable","12":"purchasable","13":"product-type-variable"},"brands":[],"_links":{"self":[{"href":"https:\/\/solarblech.shop\/en\/wp-json\/wp\/v2\/product\/55","targetHints":{"allow":["GET"]}}],"collection":[{"href":"https:\/\/solarblech.shop\/en\/wp-json\/wp\/v2\/product"}],"about":[{"href":"https:\/\/solarblech.shop\/en\/wp-json\/wp\/v2\/types\/product"}],"wp:featuredmedia":[{"embeddable":true,"href":"https:\/\/solarblech.shop\/en\/wp-json\/wp\/v2\/media\/870"}],"wp:attachment":[{"href":"https:\/\/solarblech.shop\/en\/wp-json\/wp\/v2\/media?parent=55"}],"wp:term":[{"taxonomy":"pwb-brand","embeddable":true,"href":"https:\/\/solarblech.shop\/en\/wp-json\/wp\/v2\/pwb-brand?post=55"},{"taxonomy":"product_brand","embeddable":true,"href":"https:\/\/solarblech.shop\/en\/wp-json\/wp\/v2\/product_brand?post=55"},{"taxonomy":"product_cat","embeddable":true,"href":"https:\/\/solarblech.shop\/en\/wp-json\/wp\/v2\/product_cat?post=55"},{"taxonomy":"product_tag","embeddable":true,"href":"https:\/\/solarblech.shop\/en\/wp-json\/wp\/v2\/product_tag?post=55"}],"curies":[{"name":"wp","href":"https:\/\/api.w.org\/{rel}","templated":true}]}}