{"id":51,"date":"2023-11-14T13:42:21","date_gmt":"2023-11-14T13:42:21","guid":{"rendered":"http:\/\/schagerl.online\/product\/alu-solarblech-200x370mm-1mm-inkl-dichtring\/"},"modified":"2026-03-06T09:51:41","modified_gmt":"2026-03-06T07:51:41","slug":"alu-solarblech-200x370mm","status":"publish","type":"product","link":"https:\/\/solarblech.shop\/en\/product\/alu-solarblech-200x370mm\/","title":{"rendered":"ALU solar sheet 200x370mm 1mm incl. sealing ring"},"content":{"rendered":"<h5>Specification of ALU solar sheet<\/h5>\n<p>Due to the great demand for a cheaper solution, I can now also offer additional solar panels made of aluminum \u201cAlMg3\u201d 1 mm thick. If you are looking for a high-quality solution made of stainless steel, I recommend this <a href=\"https:\/\/solarblech.shop\/en\/product\/solarblech-edelstahl-200x370mm-08mm\/\">Solar sheet<\/a> 200\u00d7370 mm stainless steel.<\/p>\n<p>ALU solar sheet or sealing sheet for Eternit, shingle and slate roofs. (Rhombus and many other shapes and variants)<\/p>\n<p>A must for them <a href=\"https:\/\/trendex.at\/\" rel=\"nofollow noopener\" target=\"_blank\">Assembly<\/a> a photovoltaic system on an Eternit and shingle roof to:<\/p>\n<div>\n<ul>\n<li>To drain the water properly<\/li>\n<li>To distribute the weight<\/li>\n<li>Connect the hanger bolt correctly<\/li>\n<li>Powder coating possible in all colors<\/li>\n<li>Production exclusively in Austria<\/li>\n<li>available immediately<\/li>\n<li>not deburred<\/li>\n<\/ul>\n<\/div>\n<p>There is a 3 mm EPDM cellular rubber seal on the back of the sheet. Diameter 30-50mm The seal is included and must be stuck on yourself. Stacking the sheets would otherwise crush the seals.<\/p>\n<p>The hanger bolts are not included and must be purchased separately.<\/p>\n<p>Similar keywords: Schletter Slate Plan, slate replacement plate, metal replacement plate slate, mounting sheet tile, base plate<\/p>","protected":false},"excerpt":{"rendered":"<p>Spezifikation von ALU Solarblech Aufgrund der gro\u00dfen Nachfrage nach einer g\u00fcnstigeren L\u00f6sung kann ich ab sofort auch zus\u00e4tzliche Solarbleche aus Aluminium &#8222;AlMg3&#8220; 1 mm dick anbieten. Wer eine hochwertige L\u00f6sung aus Edelstahl sucht, empfehle ich die Solarblech 200&#215;370 mm Edelstahl. ALU Solarblech bzw. Dichtungsblech f\u00fcr Eternit, Schindel bis hin zu Schiefer D\u00e4cher. (Rhombus und viele [&hellip;]<\/p>\n","protected":false},"featured_media":2904,"template":"","meta":[],"pwb-brand":[16],"product_brand":[],"product_cat":[52],"product_tag":[],"class_list":{"0":"post-51","1":"product","2":"type-product","3":"status-publish","4":"has-post-thumbnail","6":"pwb-brand-solarblech","7":"product_cat-solarbleche","9":"first","10":"instock","11":"taxable","12":"shipping-taxable","13":"purchasable","14":"product-type-simple"},"brands":[{"id":16,"name":"Solar sheet","slug":"solarblech"}],"_links":{"self":[{"href":"https:\/\/solarblech.shop\/en\/wp-json\/wp\/v2\/product\/51","targetHints":{"allow":["GET"]}}],"collection":[{"href":"https:\/\/solarblech.shop\/en\/wp-json\/wp\/v2\/product"}],"about":[{"href":"https:\/\/solarblech.shop\/en\/wp-json\/wp\/v2\/types\/product"}],"wp:featuredmedia":[{"embeddable":true,"href":"https:\/\/solarblech.shop\/en\/wp-json\/wp\/v2\/media\/2904"}],"wp:attachment":[{"href":"https:\/\/solarblech.shop\/en\/wp-json\/wp\/v2\/media?parent=51"}],"wp:term":[{"taxonomy":"pwb-brand","embeddable":true,"href":"https:\/\/solarblech.shop\/en\/wp-json\/wp\/v2\/pwb-brand?post=51"},{"taxonomy":"product_brand","embeddable":true,"href":"https:\/\/solarblech.shop\/en\/wp-json\/wp\/v2\/product_brand?post=51"},{"taxonomy":"product_cat","embeddable":true,"href":"https:\/\/solarblech.shop\/en\/wp-json\/wp\/v2\/product_cat?post=51"},{"taxonomy":"product_tag","embeddable":true,"href":"https:\/\/solarblech.shop\/en\/wp-json\/wp\/v2\/product_tag?post=51"}],"curies":[{"name":"wp","href":"https:\/\/api.w.org\/{rel}","templated":true}]}}