{"id":2358,"date":"2024-12-10T14:29:30","date_gmt":"2024-12-10T12:29:30","guid":{"rendered":"https:\/\/solarblech.shop\/?post_type=product&#038;p=2358"},"modified":"2026-03-19T09:36:10","modified_gmt":"2026-03-19T07:36:10","slug":"sikaflex-kleb-und-dichtstoff","status":"publish","type":"product","link":"https:\/\/solarblech.shop\/en\/product\/sikaflex-kleb-und-dichtstoff\/","title":{"rendered":"Sikaflex -11 FC+ Purform Kleb- und Dichtstoff"},"content":{"rendered":"<p><em>Leider k\u00f6nnen wir Sikaflex Produkte nicht mehr selbst anbieten in unseren Shop. Aufgrund der geringen nachgefragten St\u00fcckzahlen. Und des kurzen Haltbarkeitsdatums mussten wir den Gro\u00dfteil unserer Dichtstoffe verwerfen.\u00a0<\/em><\/p>\n<p>Dieser vielseitige Kleb- und Dichtstoff ist speziell f\u00fcr die Anwendung auf zementfaserbasierten und \u00e4hnlich por\u00f6sen D\u00e4chern entwickelt worden. Mit hervorragender Haftung auf unterschiedlichsten Materialien und Untergr\u00fcnden eignet er sich ideal f\u00fcr Au\u00dfenbereiche. Dank der neuesten Polyurethan-Technologie bietet er eine flexible, elastische Verarbeitung sowie langanhaltende Witterungsbest\u00e4ndigkeit.<\/p>\n<p>Besonders geeignet f\u00fcr Bauprojekte und Reparaturen, bei denen dauerhafte Verbindungen und pr\u00e4zise Abdichtungen gefragt sind. Kombinieren Sie diesen hochwertigen Kleb- und Dichtstoff mit dem Primer f\u00fcr eine optimale Haftung und maximale Leistung.<\/p>\n<p>Von Produktingenieuren empfohlen \u2013 die zuverl\u00e4ssige L\u00f6sung f\u00fcr professionelle Anwendungen!<\/p>\n<p>1-komponentiger, elastische Kleb- und Dichtstoff auf Polyurethanbasis mit Purform-Technologie. Ist f\u00fcr vielf\u00e4ltige Klebeanwendungen und Fugenabdichtungen im Innen- und Au\u00dfenbereich geeignet und zeigt eine sehr gute Haftung auf einer Vielzahl von Untergr\u00fcnden.<\/p>\n<p>Farbe: schwarz, 300ml Kartusche<\/p>\n<p>ANWENDUNG<br \/>\n\u25aa Klebstoff f\u00fcr den Innen- und Au\u00dfenbereich zum Verkleben von Bauteilen und Materialien, z.B. Beton, Mauerwerk, Betonwerkstein oder Kunststein, Keramik, Holz, Metall, Glas<br \/>\n\u25aa Fugendichtstoff zum Abdichten von vertikalen und horizontalen Fugen im Holz- und Metallbau, Klima-\/L\u00fcftungsbereich, bei Wand- und Bodenfugen und vielen weiteren Anwendungen<\/p>\n<p><span class=\"wixui-rich-text__text\"><span class=\"color_15 wixui-rich-text__text\">*Als Amazon-Partner verdiene ich an qualifizierten Verk\u00e4ufen.<\/span><\/span><\/p>","protected":false},"excerpt":{"rendered":"<p>Leider k\u00f6nnen wir Sikaflex Produkte nicht mehr selbst anbieten in unseren Shop. Aufgrund der geringen nachgefragten St\u00fcckzahlen. Und des kurzen Haltbarkeitsdatums mussten wir den Gro\u00dfteil unserer Dichtstoffe verwerfen.\u00a0 Dieser vielseitige Kleb- und Dichtstoff ist speziell f\u00fcr die Anwendung auf zementfaserbasierten und \u00e4hnlich por\u00f6sen D\u00e4chern entwickelt worden. Mit hervorragender Haftung auf unterschiedlichsten Materialien und Untergr\u00fcnden eignet [&hellip;]<\/p>\n","protected":false},"featured_media":3427,"template":"","meta":[],"pwb-brand":[],"product_brand":[],"product_cat":[51],"product_tag":[],"class_list":{"0":"post-2358","1":"product","2":"type-product","3":"status-publish","4":"has-post-thumbnail","6":"product_cat-montagehilfe-und-bohrer","8":"first","9":"instock","10":"product-type-external"},"brands":[],"_links":{"self":[{"href":"https:\/\/solarblech.shop\/en\/wp-json\/wp\/v2\/product\/2358","targetHints":{"allow":["GET"]}}],"collection":[{"href":"https:\/\/solarblech.shop\/en\/wp-json\/wp\/v2\/product"}],"about":[{"href":"https:\/\/solarblech.shop\/en\/wp-json\/wp\/v2\/types\/product"}],"wp:featuredmedia":[{"embeddable":true,"href":"https:\/\/solarblech.shop\/en\/wp-json\/wp\/v2\/media\/3427"}],"wp:attachment":[{"href":"https:\/\/solarblech.shop\/en\/wp-json\/wp\/v2\/media?parent=2358"}],"wp:term":[{"taxonomy":"pwb-brand","embeddable":true,"href":"https:\/\/solarblech.shop\/en\/wp-json\/wp\/v2\/pwb-brand?post=2358"},{"taxonomy":"product_brand","embeddable":true,"href":"https:\/\/solarblech.shop\/en\/wp-json\/wp\/v2\/product_brand?post=2358"},{"taxonomy":"product_cat","embeddable":true,"href":"https:\/\/solarblech.shop\/en\/wp-json\/wp\/v2\/product_cat?post=2358"},{"taxonomy":"product_tag","embeddable":true,"href":"https:\/\/solarblech.shop\/en\/wp-json\/wp\/v2\/product_tag?post=2358"}],"curies":[{"name":"wp","href":"https:\/\/api.w.org\/{rel}","templated":true}]}}