{"id":1551,"date":"2024-02-04T13:12:35","date_gmt":"2024-02-04T13:12:35","guid":{"rendered":"https:\/\/solarblech.shop\/?post_type=product&#038;p=1551"},"modified":"2026-03-18T16:06:58","modified_gmt":"2026-03-18T14:06:58","slug":"pulverbeschichtung-alu-solarblech-200x370mm-1mm-inkl-dichtring","status":"publish","type":"product","link":"https:\/\/solarblech.shop\/en\/product\/pulverbeschichtung-alu-solarblech-200x370mm-1mm-inkl-dichtring\/","title":{"rendered":"POWDER COATING ALUMINUM solar sheet 200x370mm 1mm incl. sealing ring"},"content":{"rendered":"<p><strong>ACHTUNG!<\/strong><\/p>\n<ul>\n<li><strong>Bitte unbedingt die gew\u00fcnschte RAL Classic Nummer (4 Ziffern) in das Notizfeld im Warenkorb hinzuf\u00fcgen<\/strong><\/li>\n<\/ul>\n<p><strong>Wichte Hinweise!<\/strong><\/p>\n<ul>\n<li>Bei individuell beschichteten Solarblechen ist leider keine R\u00fccknahme m\u00f6glich.<\/li>\n<li>Die Beschichtung wird extra durchgef\u00fchrt f\u00fcr Sie, Lieferzeit 2 Wochen.<\/li>\n<li>Bei Pulverbeschichtungen gibt es eine Mindestbestellmenge von <strong>25 St\u00fcck. <\/strong>(Mindermengenzuschlag seitens der Beschichtungsfirma)<strong><br \/>\n<\/strong><\/li>\n<\/ul>\n<h5>Spezifikation von Pulverbeschichteten ALU Solarblechen<\/h5>\n<p>Der angegebene Preis ist ein Aluminium Solarblech Standard inklusive Pulverbeschichtung.<\/p>\n<p>Powder coating can be carried out in all RAL Classic colors (4-digit code) in matt. Please note the desired RAL color.<\/p>\n<p>The powder coating is carried out on both sides.<\/p>\n<p>&nbsp;<\/p>\n<p>ALU solar sheet or sealing sheet for Eternit, shingle and slate roofs. (Rhombus and many other shapes and variants)<\/p>\n<p>A must for them <a href=\"https:\/\/trendex.at\/\" rel=\"nofollow noopener\" target=\"_blank\">Assembly<\/a> a photovoltaic system on an Eternit and shingle roof to:<\/p>\n<div>\n<ul>\n<li>To drain the water properly<\/li>\n<li>To distribute the weight<\/li>\n<li>Connect the hanger bolt correctly<\/li>\n<li>Powder coating possible in all colors<\/li>\n<li>Production exclusively in Austria<\/li>\n<li>available immediately<\/li>\n<li>not deburred<\/li>\n<\/ul>\n<\/div>\n<p>There is a 3 mm EPDM cellular rubber seal on the back of the sheet. Diameter 30-50mm The seal is included and must be stuck on yourself. Stacking the sheets would otherwise crush the seals.<\/p>\n<p>The hanger bolts are not included and must be purchased separately.<\/p>","protected":false},"excerpt":{"rendered":"<p>ACHTUNG! Bitte unbedingt die gew\u00fcnschte RAL Classic Nummer (4 Ziffern) in das Notizfeld im Warenkorb hinzuf\u00fcgen Wichte Hinweise! Bei individuell beschichteten Solarblechen ist leider keine R\u00fccknahme m\u00f6glich. Die Beschichtung wird extra durchgef\u00fchrt f\u00fcr Sie, Lieferzeit 2 Wochen. Bei Pulverbeschichtungen gibt es eine Mindestbestellmenge von 25 St\u00fcck. (Mindermengenzuschlag seitens der Beschichtungsfirma) Spezifikation von Pulverbeschichteten ALU Solarblechen [&hellip;]<\/p>\n","protected":false},"featured_media":3084,"template":"","meta":[],"pwb-brand":[16],"product_brand":[],"product_cat":[52],"product_tag":[],"class_list":{"0":"post-1551","1":"product","2":"type-product","3":"status-publish","4":"has-post-thumbnail","6":"pwb-brand-solarblech","7":"product_cat-solarbleche","9":"first","10":"instock","11":"taxable","12":"shipping-taxable","13":"purchasable","14":"product-type-simple"},"brands":[{"id":16,"name":"Solar sheet","slug":"solarblech"}],"_links":{"self":[{"href":"https:\/\/solarblech.shop\/en\/wp-json\/wp\/v2\/product\/1551","targetHints":{"allow":["GET"]}}],"collection":[{"href":"https:\/\/solarblech.shop\/en\/wp-json\/wp\/v2\/product"}],"about":[{"href":"https:\/\/solarblech.shop\/en\/wp-json\/wp\/v2\/types\/product"}],"wp:featuredmedia":[{"embeddable":true,"href":"https:\/\/solarblech.shop\/en\/wp-json\/wp\/v2\/media\/3084"}],"wp:attachment":[{"href":"https:\/\/solarblech.shop\/en\/wp-json\/wp\/v2\/media?parent=1551"}],"wp:term":[{"taxonomy":"pwb-brand","embeddable":true,"href":"https:\/\/solarblech.shop\/en\/wp-json\/wp\/v2\/pwb-brand?post=1551"},{"taxonomy":"product_brand","embeddable":true,"href":"https:\/\/solarblech.shop\/en\/wp-json\/wp\/v2\/product_brand?post=1551"},{"taxonomy":"product_cat","embeddable":true,"href":"https:\/\/solarblech.shop\/en\/wp-json\/wp\/v2\/product_cat?post=1551"},{"taxonomy":"product_tag","embeddable":true,"href":"https:\/\/solarblech.shop\/en\/wp-json\/wp\/v2\/product_tag?post=1551"}],"curies":[{"name":"wp","href":"https:\/\/api.w.org\/{rel}","templated":true}]}}