{"id":71,"date":"2023-11-14T13:42:22","date_gmt":"2023-11-14T13:42:22","guid":{"rendered":"http:\/\/schagerl.online\/product\/solarblech-edelstahl-200x370mm-08mm-inkl-dichtring\/"},"modified":"2026-03-18T16:44:52","modified_gmt":"2026-03-18T14:44:52","slug":"solarblech-edelstahl-200x370mm-08mm","status":"publish","type":"product","link":"https:\/\/solarblech.shop\/cs\/product\/solarblech-edelstahl-200x370mm-08mm\/","title":{"rendered":"Sol\u00e1rn\u00ed plech nerez 200x370mm 0,8mm v\u010detn\u011b t\u011bsnic\u00edho krou\u017eku"},"content":{"rendered":"<h5>Specifikace sol\u00e1rn\u00edho plechu z nerezov\u00e9 oceli<\/h5>\n<p>Vysoce kvalitn\u00ed sol\u00e1rn\u00ed plech z nerezov\u00e9 oceli pro bezpe\u010dnou fotovoltaickou instalaci na eternitov\u00e9, \u0161indelov\u00e9 a b\u0159idlicov\u00e9 st\u0159echy. (Rhombus a mnoho dal\u0161\u00edch tvar\u016f a variant)<\/p>\n<p>Pro n\u011b nutnost <a href=\"https:\/\/lumensolar.at\/\" rel=\"nofollow noopener\" target=\"_blank\">Shrom\u00e1\u017ed\u011bn\u00ed<\/a> fotovoltaick\u00fd syst\u00e9m na eternitov\u00e9 a \u0161indelov\u00e9 st\u0159e\u0161e k:<\/p>\n<div>\n<ul>\n<li>Aby byla voda spr\u00e1vn\u011b vypu\u0161t\u011bna<\/li>\n<li>K rozlo\u017een\u00ed v\u00e1hy<\/li>\n<li>Spr\u00e1vn\u011b p\u0159ipojte \u0161roub z\u00e1v\u011bsu<\/li>\n<li>Obzvl\u00e1\u0161t\u011b robustn\u00ed, proto\u017ee m\u00e1 tlou\u0161\u0165ku 0,8 mm<\/li>\n<li>Nerezov\u00e1 ocel (V2A)<\/li>\n<li>Pr\u00e1\u0161kov\u00e9 lakov\u00e1n\u00ed mo\u017en\u00e9 ve v\u0161ech barv\u00e1ch<\/li>\n<li>V\u00fdroba v\u00fdhradn\u011b v Rakousku<\/li>\n<li>ihned k dispozici<\/li>\n<\/ul>\n<\/div>\n<p class=\"font_9 wixui-rich-text__text\"><span class=\"wixui-rich-text__text\"><span class=\"color_15 wixui-rich-text__text\">Rozm\u011bry: 200 \u00d7 370mm; tlou\u0161\u0165ka 0,8 mm; Pr\u016fm\u011br otvoru: 15,5 mm a ve v\u00fd\u0161ce 80 mm ode dna.<br \/>\n<\/span><\/span><\/p>\n<p class=\"font_9 wixui-rich-text__text\"><span class=\"wixui-rich-text__text\"><span class=\"color_15 wixui-rich-text__text\">Univerz\u00e1ln\u011b pou\u017eiteln\u00e9 pro z\u00e1v\u011bsn\u00e9 \u0161rouby 10 mm a 12 mm.<\/span><\/span><\/p>\n<p>Na zadn\u00ed stran\u011b listu je 3 mm t\u011bsn\u011bn\u00ed z leh\u010den\u00e9 pry\u017ee EPDM. Pr\u016fm\u011br 30-50mm T\u011bsn\u011bn\u00ed je sou\u010d\u00e1st\u00ed a mus\u00ed b\u00fdt nalepeno na sebe. Skl\u00e1d\u00e1n\u00ed list\u016f by jinak rozdrtilo t\u011bsn\u011bn\u00ed.<\/p>\n<p>The <a href=\"https:\/\/solarblech.shop\/cs\/product\/stockschraube-m10-x-250-mm-edelstahl-vorkonfektioniert\/\">Z\u00e1v\u011bsn\u00e9 \u0161rouby<\/a> nejsou sou\u010d\u00e1st\u00ed a je nutn\u00e9 je zakoupit samostatn\u011b.<\/p>\n<p>Tady m\u016f\u017eete <a href=\"https:\/\/solarblech.shop\/wp-content\/uploads\/2023\/11\/Gebrauchsanleitung-und-Risikobeurteilung.pdf\">N\u00e1vod k pou\u017eit\u00ed a posouzen\u00ed rizik<\/a> na\u010d\u00edst.<\/p>\n<p>Podobn\u00e1 kl\u00ed\u010dov\u00e1 slova: Schletter\u016fv pl\u00e1n b\u0159idlice, n\u00e1hradn\u00ed deska b\u0159idlice, n\u00e1hradn\u00ed deska kovov\u00e9 b\u0159idlice, mont\u00e1\u017en\u00ed deska, nosn\u00e1 deska<\/p>","protected":false},"excerpt":{"rendered":"<p>Spezifikation von Solarblech Edelstahl Hochwertiges Solarblech Edelstahl f\u00fcr sichere Photovoltaik-Montage auf Eternit, Schindel und Schieferd\u00e4chern.\u00a0(Rhombus und viele anderen Formen und Varianten) Ein Muss f\u00fcr die Montage einer Photovoltaik Anlage auf einem Eternit und Schindel Dach um: Das Wasser richtig abzuleiten Das Gewicht zu verteilen Die Stockschraube richtig anzubinden Besonders robust, weil 0,8 mm dick Rostfreier [&hellip;]<\/p>\n","protected":false},"featured_media":2905,"template":"","meta":[],"pwb-brand":[16],"product_brand":[],"product_cat":[52],"product_tag":[],"class_list":{"0":"post-71","1":"product","2":"type-product","3":"status-publish","4":"has-post-thumbnail","6":"pwb-brand-solarblech","7":"product_cat-solarbleche","9":"first","10":"instock","11":"taxable","12":"shipping-taxable","13":"purchasable","14":"product-type-simple"},"brands":[{"id":16,"name":"Sol\u00e1rn\u00ed plachta","slug":"solarblech"}],"_links":{"self":[{"href":"https:\/\/solarblech.shop\/cs\/wp-json\/wp\/v2\/product\/71","targetHints":{"allow":["GET"]}}],"collection":[{"href":"https:\/\/solarblech.shop\/cs\/wp-json\/wp\/v2\/product"}],"about":[{"href":"https:\/\/solarblech.shop\/cs\/wp-json\/wp\/v2\/types\/product"}],"wp:featuredmedia":[{"embeddable":true,"href":"https:\/\/solarblech.shop\/cs\/wp-json\/wp\/v2\/media\/2905"}],"wp:attachment":[{"href":"https:\/\/solarblech.shop\/cs\/wp-json\/wp\/v2\/media?parent=71"}],"wp:term":[{"taxonomy":"pwb-brand","embeddable":true,"href":"https:\/\/solarblech.shop\/cs\/wp-json\/wp\/v2\/pwb-brand?post=71"},{"taxonomy":"product_brand","embeddable":true,"href":"https:\/\/solarblech.shop\/cs\/wp-json\/wp\/v2\/product_brand?post=71"},{"taxonomy":"product_cat","embeddable":true,"href":"https:\/\/solarblech.shop\/cs\/wp-json\/wp\/v2\/product_cat?post=71"},{"taxonomy":"product_tag","embeddable":true,"href":"https:\/\/solarblech.shop\/cs\/wp-json\/wp\/v2\/product_tag?post=71"}],"curies":[{"name":"wp","href":"https:\/\/api.w.org\/{rel}","templated":true}]}}