{"id":69,"date":"2023-11-14T13:42:22","date_gmt":"2023-11-14T13:42:22","guid":{"rendered":"http:\/\/schagerl.online\/product\/kabeleinfuhrung-ip65-flanschgehause-mit-tulleneinsatz\/"},"modified":"2026-04-08T08:01:02","modified_gmt":"2026-04-08T06:01:02","slug":"kabeleinfuehrung-ip65-flanschgehaeuse","status":"publish","type":"product","link":"https:\/\/solarblech.shop\/cs\/product\/kabeleinfuehrung-ip65-flanschgehaeuse\/","title":{"rendered":"Kabelov\u00fd vstup \u2013 IP65 p\u0159\u00edrubov\u00e9 pouzdro s pr\u016fchodkou"},"content":{"rendered":"<h5>Specifikace kabelov\u00fdch vstup\u016f<\/h5>\n<p>P\u0159\u00edrubov\u00e9 pouzdro s kabelov\u00fdm vstupem dle standardu IP65 na 0,8 mm nerezov\u00e9m plechu 200 \u00d7 370 mm.<\/p>\n<p>Po stran\u00e1ch jsou celkem 4 mal\u00e9 4mm otvory pro n\u00fdty k uchycen\u00ed p\u0159\u00edmo na st\u0159e\u0161n\u00ed krytinu.<\/p>\n<p>Sou\u010d\u00e1st\u00ed sady:<\/p>\n<ul>\n<li><a href=\"https:\/\/solarblech.shop\/cs\/product\/solarblech-edelstahl-200x370mm-08mm\/\">Nerezov\u00fd plech<\/a> 200 \u00d7 370 x 0,8 mm s odpov\u00eddaj\u00edc\u00edmi vybr\u00e1n\u00edmi pro \u0161rouby a pouzdra.<\/li>\n<li>90\u00b0 p\u0159\u00edrubov\u00e9 pouzdro s kryt\u00edm IP65<\/li>\n<li>Einsatz entweder:\n<ul>\n<li>3x vlo\u017eka do trysek pro hadice 20, 25 a 32 mm<\/li>\n<li>je 3 St\u00fcck T\u00fcllen Klemmbereich 4-7mm und 3 T\u00fcllen Klemmbereich 8-11mm<\/li>\n<\/ul>\n<\/li>\n<li>4 kusy n\u00fdt\u016f 4 x 16 mm<\/li>\n<li>Nerezov\u00e9 \u0161rouby a matice pro p\u0159ipevn\u011bn\u00ed p\u0159\u00edruby <a href=\"https:\/\/www.aundu.at\/\" rel=\"nofollow noopener\" target=\"_blank\">bydlen\u00ed<\/a> na nerezov\u00e9m plechu (je ji\u017e smontov\u00e1n)<\/li>\n<li>T\u011bsn\u011bn\u00ed z leh\u010den\u00e9 pry\u017ee EPDM na dn\u011b.<\/li>\n<\/ul>\n<p>Vlastnosti: UV odoln\u00fd, bez silikonu, bez halogen\u016f, odoln\u00fd proti vibrac\u00edm.<\/p>\n<p>&nbsp;<\/p>\n<p>&nbsp;<\/p>","protected":false},"excerpt":{"rendered":"<p>Spezifikation von Kabeleinf\u00fchrung Flanschgeh\u00e4use mit Kabeleinf\u00fchrung nach IP65 Standard auf einem 0,8 mm Edelstahl Blech 200 \u00d7 370 mm. An den Seiten sind insgesamt 4 kleine 4 mm L\u00f6cher f\u00fcr Nieten zum Befestigen auf der Dacheindeckung direkt. Im Set enthalten: Edelstahlblech 200 \u00d7 370 x 0,8 mm mit passenden Aussparungen f\u00fcr Schrauben und Durchf\u00fchrung. 90\u00b0 [&hellip;]<\/p>\n","protected":false},"featured_media":280,"template":"","meta":[],"pwb-brand":[],"product_brand":[],"product_cat":[49],"product_tag":[80],"class_list":{"0":"post-69","1":"product","2":"type-product","3":"status-publish","4":"has-post-thumbnail","6":"product_cat-kabeleinfuehrungen-und-flansche","7":"product_tag-kabeleinfuehrung","9":"first","10":"instock","11":"taxable","12":"shipping-taxable","13":"purchasable","14":"product-type-variable"},"brands":[],"_links":{"self":[{"href":"https:\/\/solarblech.shop\/cs\/wp-json\/wp\/v2\/product\/69","targetHints":{"allow":["GET"]}}],"collection":[{"href":"https:\/\/solarblech.shop\/cs\/wp-json\/wp\/v2\/product"}],"about":[{"href":"https:\/\/solarblech.shop\/cs\/wp-json\/wp\/v2\/types\/product"}],"wp:featuredmedia":[{"embeddable":true,"href":"https:\/\/solarblech.shop\/cs\/wp-json\/wp\/v2\/media\/280"}],"wp:attachment":[{"href":"https:\/\/solarblech.shop\/cs\/wp-json\/wp\/v2\/media?parent=69"}],"wp:term":[{"taxonomy":"pwb-brand","embeddable":true,"href":"https:\/\/solarblech.shop\/cs\/wp-json\/wp\/v2\/pwb-brand?post=69"},{"taxonomy":"product_brand","embeddable":true,"href":"https:\/\/solarblech.shop\/cs\/wp-json\/wp\/v2\/product_brand?post=69"},{"taxonomy":"product_cat","embeddable":true,"href":"https:\/\/solarblech.shop\/cs\/wp-json\/wp\/v2\/product_cat?post=69"},{"taxonomy":"product_tag","embeddable":true,"href":"https:\/\/solarblech.shop\/cs\/wp-json\/wp\/v2\/product_tag?post=69"}],"curies":[{"name":"wp","href":"https:\/\/api.w.org\/{rel}","templated":true}]}}