{"id":68,"date":"2023-11-14T13:42:22","date_gmt":"2023-11-14T13:42:22","guid":{"rendered":"http:\/\/schagerl.online\/product\/flanschgehause-ip65-inkl-dichtung-und-tullen-in-grose-20-25-und-32mm\/"},"modified":"2025-04-15T20:01:30","modified_gmt":"2025-04-15T18:01:30","slug":"flanschgehaeuse-ip65-inkl-dichtung","status":"publish","type":"product","link":"https:\/\/solarblech.shop\/cs\/product\/flanschgehaeuse-ip65-inkl-dichtung\/","title":{"rendered":"P\u0159\u00edrubov\u00e9 pouzdro IP65 v\u010detn\u011b t\u011bsn\u011bn\u00ed a pr\u016fchodek ve velikostech 20, 25 a 32 mm"},"content":{"rendered":"<h5>Kryt\u00ed p\u0159\u00edruby IP65.<\/h5>\n<p>Sou\u010d\u00e1st\u00ed sady:<\/p>\n<ul>\n<li>90\u00b0 p\u0159\u00edruba s krytem krytu IP65<\/li>\n<li>3x vlo\u017eka do trysek pro hadice 20, 25 a 32 mm<\/li>\n<li>Nerezov\u00e9 \u0161rouby a matice pro p\u0159ipevn\u011bn\u00ed p\u0159\u00edruby k plech\u016fm<\/li>\n<li>EPDM t\u011bsn\u011bn\u00ed na spodn\u00ed stran\u011b.<\/li>\n<\/ul>\n<p>Vlastnosti: UV odoln\u00fd, bez silikonu, bez halogen\u016f, odoln\u00fd proti vibrac\u00edm.<\/p>\n<ul>\n<li>Pr\u016fm\u011br trysek: 20, 25 a 32 mm<\/li>\n<li>D\u00e9lka: 79,8 mm<\/li>\n<li>\u0160\u00ed\u0159ka: 80 mm<\/li>\n<li>V\u00fd\u0161ka: 57,5 mm<\/li>\n<li><a href=\"https:\/\/www.aundu.at\/\" rel=\"nofollow noopener\" target=\"_blank\">V\u00fd\u0161ka instalace<\/a>: 57,5 mm<\/li>\n<li>Po\u010det otvor\u016f pro \u0161rouby: 4<\/li>\n<li>Pr\u016fm\u011br otvoru pro \u0161roub: 5,5 mm<\/li>\n<li>Materi\u00e1l \u0161roub\u016f: <a href=\"https:\/\/solarblech.shop\/cs\/product\/solarblech-edelstahl-200x370mm-08mm\/\">nerezov\u00e1 ocel<\/a>, V2A<\/li>\n<\/ul>","protected":false},"excerpt":{"rendered":"<p>Flanschgeh\u00e4use der Schutzarzt IP65. Im Set enthalten: 90\u00b0 Flanschgehause der Schutzarzt IP65 3x T\u00fclleneinsatz f\u00fcr 20, 25 und 32 mm Schl\u00e4uche Edelstahlschrauben und Muttern zum Befestigen des Flansch auf Blechen EPDM Dichtung an der Unterseite. Eigenschaften: UV-Best\u00e4ndig, silikonfrei, halogenfrei, Vibrationssicher. Durchmesser T\u00fcllen: 20, 25 und 32 mm L\u00e4nge: 79,8 mm Breite: 80 mm H\u00f6he: 57,5 [&hellip;]<\/p>\n","protected":false},"featured_media":829,"template":"","meta":[],"pwb-brand":[],"product_brand":[],"product_cat":[49],"product_tag":[],"class_list":{"0":"post-68","1":"product","2":"type-product","3":"status-publish","4":"has-post-thumbnail","6":"product_cat-kabeleinfuehrungen-und-flansche","8":"first","9":"instock","10":"taxable","11":"shipping-taxable","12":"purchasable","13":"product-type-simple"},"brands":[],"_links":{"self":[{"href":"https:\/\/solarblech.shop\/cs\/wp-json\/wp\/v2\/product\/68","targetHints":{"allow":["GET"]}}],"collection":[{"href":"https:\/\/solarblech.shop\/cs\/wp-json\/wp\/v2\/product"}],"about":[{"href":"https:\/\/solarblech.shop\/cs\/wp-json\/wp\/v2\/types\/product"}],"wp:featuredmedia":[{"embeddable":true,"href":"https:\/\/solarblech.shop\/cs\/wp-json\/wp\/v2\/media\/829"}],"wp:attachment":[{"href":"https:\/\/solarblech.shop\/cs\/wp-json\/wp\/v2\/media?parent=68"}],"wp:term":[{"taxonomy":"pwb-brand","embeddable":true,"href":"https:\/\/solarblech.shop\/cs\/wp-json\/wp\/v2\/pwb-brand?post=68"},{"taxonomy":"product_brand","embeddable":true,"href":"https:\/\/solarblech.shop\/cs\/wp-json\/wp\/v2\/product_brand?post=68"},{"taxonomy":"product_cat","embeddable":true,"href":"https:\/\/solarblech.shop\/cs\/wp-json\/wp\/v2\/product_cat?post=68"},{"taxonomy":"product_tag","embeddable":true,"href":"https:\/\/solarblech.shop\/cs\/wp-json\/wp\/v2\/product_tag?post=68"}],"curies":[{"name":"wp","href":"https:\/\/api.w.org\/{rel}","templated":true}]}}