{"id":66,"date":"2023-11-14T13:42:22","date_gmt":"2023-11-14T13:42:22","guid":{"rendered":"http:\/\/schagerl.online\/product\/solarblech-sondermas-200x590mm-08mm-inkl-dichtring-v2a\/"},"modified":"2026-03-03T12:25:56","modified_gmt":"2026-03-03T10:25:56","slug":"solarblech-sondermass-590-x-200-mm","status":"publish","type":"product","link":"https:\/\/solarblech.shop\/cs\/product\/solarblech-sondermass-590-x-200-mm\/","title":{"rendered":"Sol\u00e1rn\u00ed f\u00f3lie speci\u00e1ln\u00ed rozm\u011br 590 x 200 mm v\u010detn\u011b t\u011bsnic\u00edho krou\u017eku"},"content":{"rendered":"<h5>Sol\u00e1rn\u00ed f\u00f3lie speci\u00e1ln\u00ed rozm\u011br 590 x 200 mm pro velk\u00e9 panely<\/h5>\n<p>Pro n\u011b nutnost <a href=\"http:\/\/www.esz.at\/\" rel=\"nofollow noopener\" target=\"_blank\">Shrom\u00e1\u017ed\u011bn\u00ed<\/a> fotovoltaick\u00fd syst\u00e9m na eternitov\u00e9 a \u0161indelov\u00e9 st\u0159e\u0161e k:<\/p>\n<div>\n<div>\n<div>\n<ul>\n<li>Zabra\u0148te rozbit\u00ed st\u0159e\u0161n\u00edch panel\u016f<\/li>\n<li>Aby byla voda spr\u00e1vn\u011b vypu\u0161t\u011bna<\/li>\n<li>K rozlo\u017een\u00ed v\u00e1hy<\/li>\n<li>Spr\u00e1vn\u011b p\u0159ipojte \u0161roub z\u00e1v\u011bsu<\/li>\n<li>Obzvl\u00e1\u0161t\u011b robustn\u00ed, proto\u017ee m\u00e1 tlou\u0161\u0165ku 0,8 mm<\/li>\n<li>Nerez <a href=\"https:\/\/solarblech.shop\/cs\/product\/alu-solarblech-200x370mm\/\">nerezov\u00e1 ocel<\/a> (V2A)<\/li>\n<li>Pr\u00e1\u0161kov\u00e9 lakov\u00e1n\u00ed mo\u017en\u00e9 ve v\u0161ech barv\u00e1ch<\/li>\n<li>V\u00fdroba v\u00fdhradn\u011b v Rakousku<\/li>\n<li>ihned k dispozici<\/li>\n<\/ul>\n<\/div>\n<\/div>\n<\/div>\n<p>Na zadn\u00ed stran\u011b listu je 3 mm t\u011bsn\u011bn\u00ed z leh\u010den\u00e9 pry\u017ee EPDM. Pr\u016fm\u011br 30-50mm T\u011bsn\u011bn\u00ed je sou\u010d\u00e1st\u00ed a mus\u00ed b\u00fdt nalepeno na sebe. Skl\u00e1d\u00e1n\u00ed list\u016f by jinak rozdrtilo t\u011bsn\u011bn\u00ed.<\/p>\n<p>Z\u00e1v\u011bsn\u00e9 \u0161rouby nejsou sou\u010d\u00e1st\u00ed dod\u00e1vky a je nutn\u00e9 je zakoupit samostatn\u011b.<\/p>","protected":false},"excerpt":{"rendered":"<p>Solarblech Sonderma\u00df 590 x 200 mm f\u00fcr gro\u00dfe Platten Ein Muss f\u00fcr die Montage einer Photovoltaik Anlage auf einem Eternit und Schindel Dach um: Ein Brechen der Dachplatten verhindern Das Wasser richtig abzuleiten Das Gewicht zu verteilen Die Stockschraube richtig anzubinden Besonders robust, weil 0,8 mm dick Rostfreier Edelstahl (V2A) Pulverbeschichtung in allen Farben m\u00f6glich [&hellip;]<\/p>\n","protected":false},"featured_media":987,"template":"","meta":[],"pwb-brand":[16],"product_brand":[],"product_cat":[52],"product_tag":[],"class_list":{"0":"post-66","1":"product","2":"type-product","3":"status-publish","4":"has-post-thumbnail","6":"pwb-brand-solarblech","7":"product_cat-solarbleche","9":"first","10":"instock","11":"taxable","12":"shipping-taxable","13":"purchasable","14":"product-type-variable","15":"has-default-attributes"},"brands":[{"id":16,"name":"Sol\u00e1rn\u00ed plachta","slug":"solarblech"}],"_links":{"self":[{"href":"https:\/\/solarblech.shop\/cs\/wp-json\/wp\/v2\/product\/66","targetHints":{"allow":["GET"]}}],"collection":[{"href":"https:\/\/solarblech.shop\/cs\/wp-json\/wp\/v2\/product"}],"about":[{"href":"https:\/\/solarblech.shop\/cs\/wp-json\/wp\/v2\/types\/product"}],"wp:featuredmedia":[{"embeddable":true,"href":"https:\/\/solarblech.shop\/cs\/wp-json\/wp\/v2\/media\/987"}],"wp:attachment":[{"href":"https:\/\/solarblech.shop\/cs\/wp-json\/wp\/v2\/media?parent=66"}],"wp:term":[{"taxonomy":"pwb-brand","embeddable":true,"href":"https:\/\/solarblech.shop\/cs\/wp-json\/wp\/v2\/pwb-brand?post=66"},{"taxonomy":"product_brand","embeddable":true,"href":"https:\/\/solarblech.shop\/cs\/wp-json\/wp\/v2\/product_brand?post=66"},{"taxonomy":"product_cat","embeddable":true,"href":"https:\/\/solarblech.shop\/cs\/wp-json\/wp\/v2\/product_cat?post=66"},{"taxonomy":"product_tag","embeddable":true,"href":"https:\/\/solarblech.shop\/cs\/wp-json\/wp\/v2\/product_tag?post=66"}],"curies":[{"name":"wp","href":"https:\/\/api.w.org\/{rel}","templated":true}]}}