{"id":64,"date":"2023-11-14T13:42:22","date_gmt":"2023-11-14T13:42:22","guid":{"rendered":"http:\/\/schagerl.online\/product\/richtiger-umgang-mit-asbest-auva-merkblatt\/"},"modified":"2026-01-25T11:02:36","modified_gmt":"2026-01-25T09:02:36","slug":"richtiger-umgang-mit-asbest-auva-merkblatt","status":"publish","type":"product","link":"https:\/\/solarblech.shop\/cs\/product\/richtiger-umgang-mit-asbest-auva-merkblatt\/","title":{"rendered":"Spr\u00e1vn\u00e1 manipulace s azbestem \u2013 let\u00e1k AUVA"},"content":{"rendered":"<p>Bezplatn\u00fd let\u00e1k od AUVA, jak spr\u00e1vn\u011b zach\u00e1zet s azbestem<\/p>\n<p>&nbsp;<\/p>\n<p>P\u0159i vdechov\u00e1n\u00ed zp\u016fsobuj\u00ed azbestov\u00e1 vl\u00e1kna v\u00e1\u017en\u00e1 onemocn\u011bn\u00ed d\u00fdchac\u00edch cest a plic. Zdravotn\u00ed probl\u00e9my se objevuj\u00ed a\u017e po letech (desetilet\u00edch) a jsou jen st\u011b\u017e\u00ed l\u00e9\u010diteln\u00e9. Stavebn\u00ed materi\u00e1ly obsahuj\u00edc\u00ed azbest, kter\u00e9 jsou od roku 1990 zak\u00e1z\u00e1ny, ohro\u017euj\u00ed zdrav\u00ed stavebn\u00edch d\u011bln\u00edk\u016f a obyvatel \u2013 p\u0159i demolic\u00edch jsou st\u00e1le nutn\u00e1 ochrann\u00e1 opat\u0159en\u00ed.<\/p>\n<p>&nbsp;<\/p>\n<p>Pozor: P\u0159edpisy plat\u00ed pro Rakousko!<\/p>\n<p>&nbsp;<\/p>\n<p>Tento informa\u010dn\u00ed list m\u016f\u017eete tak\u00e9 z\u00edskat nebo objednat online pomoc\u00ed n\u00e1sleduj\u00edc\u00edho odkazu.<\/p>\n<p><a href=\"https:\/\/solarblech.shop\/wp-content\/uploads\/2024\/07\/1704373613-m-plus-267-richtiger-umgang-mit-asbest-auva-pdf.pdf\" target=\"_blank\" rel=\"noopener\">KE STA\u017dEN\u00cd \u2013 M plus 267 Spr\u00e1vn\u00e1 manipulace s azbestem pro mana\u017eery (Rakousko)<\/a><\/p>\n<p><a href=\"https:\/\/solarblech.shop\/wp-content\/uploads\/2024\/07\/merkblatt-richtiger-umgang-mit-asbest.pdf\">KE STA\u017dEN\u00cd \u2013 M 367 Spr\u00e1vn\u00e1 manipulace s azbestem (Rakousko)<\/a><\/p>\n<p>&nbsp;<\/p>","protected":false},"excerpt":{"rendered":"<p>Gratis Merkblatt der AUVA f\u00fcr Richtiger Umgang mit Asbest &nbsp; Asbestfasern f\u00fchren nach dem Einatmen zu schweren Erkrankungen der Atemwege und Lungen. Die Gesundheitsst\u00f6rungen treten erst nach Jahr(zehnt)en auf, und sind kaum behandelbar. Die seit 1990 verbotenen asbesth\u00e4ltigen Baumaterialien gef\u00e4hrdeten die Gesundheit von Bauarbeitern und auch Hausbewohnern &#8211; beim Abbruch sind auch weiterhin Schutzma\u00dfnahmen erforderlich. [&hellip;]<\/p>\n","protected":false},"featured_media":325,"template":"","meta":[],"pwb-brand":[],"product_brand":[],"product_cat":[15],"product_tag":[],"class_list":{"0":"post-64","1":"product","2":"type-product","3":"status-publish","4":"has-post-thumbnail","6":"product_cat-uncategorized","8":"first","9":"instock","10":"sold-individually","11":"taxable","12":"shipping-taxable","13":"purchasable","14":"product-type-simple"},"brands":[],"_links":{"self":[{"href":"https:\/\/solarblech.shop\/cs\/wp-json\/wp\/v2\/product\/64","targetHints":{"allow":["GET"]}}],"collection":[{"href":"https:\/\/solarblech.shop\/cs\/wp-json\/wp\/v2\/product"}],"about":[{"href":"https:\/\/solarblech.shop\/cs\/wp-json\/wp\/v2\/types\/product"}],"wp:featuredmedia":[{"embeddable":true,"href":"https:\/\/solarblech.shop\/cs\/wp-json\/wp\/v2\/media\/325"}],"wp:attachment":[{"href":"https:\/\/solarblech.shop\/cs\/wp-json\/wp\/v2\/media?parent=64"}],"wp:term":[{"taxonomy":"pwb-brand","embeddable":true,"href":"https:\/\/solarblech.shop\/cs\/wp-json\/wp\/v2\/pwb-brand?post=64"},{"taxonomy":"product_brand","embeddable":true,"href":"https:\/\/solarblech.shop\/cs\/wp-json\/wp\/v2\/product_brand?post=64"},{"taxonomy":"product_cat","embeddable":true,"href":"https:\/\/solarblech.shop\/cs\/wp-json\/wp\/v2\/product_cat?post=64"},{"taxonomy":"product_tag","embeddable":true,"href":"https:\/\/solarblech.shop\/cs\/wp-json\/wp\/v2\/product_tag?post=64"}],"curies":[{"name":"wp","href":"https:\/\/api.w.org\/{rel}","templated":true}]}}