{"id":61,"date":"2023-11-14T13:42:21","date_gmt":"2023-11-14T13:42:21","guid":{"rendered":"http:\/\/schagerl.online\/product\/flick-nageleisen\/"},"modified":"2026-01-16T10:49:26","modified_gmt":"2026-01-16T08:49:26","slug":"flick-nageleisen","status":"publish","type":"product","link":"https:\/\/solarblech.shop\/cs\/product\/flick-nageleisen\/","title":{"rendered":"Flick Nageleisen 500 mm"},"content":{"rendered":"<h5>Flick Nail Iron 500 mm Flick Iron St\u0159e\u0161n\u00ed b\u0159idlicov\u00e9 h\u0159eb\u00edky stahov\u00e1k h\u0159eb\u00edk\u016f<\/h5>\n<p>Optim\u00e1ln\u00ed d\u00e9lka vhodn\u00e1 pro v\u0161echny st\u0159e\u0161n\u00ed krytiny.<\/p>\n<p>Pracovn\u00ed d\u00e9lka: cca 500 mm<\/p>\n<p>Celkov\u00e1 d\u00e9lka: cca 650 mm.<\/p>\n<p>Vyrobeno v Rakousku<\/p>\n<p>H\u0159eb\u00edkova\u010dka je ide\u00e1ln\u00ed pro opravy jednotliv\u00fdch eternitov\u00fdch nebo b\u0159idlicov\u00fdch dla\u017edic.<\/p>\n<p>Tak\u00e9 pro tenkou a citlivou b\u0159idlici.<\/p>\n<p>Vyrobeno z obzvl\u00e1\u0161t\u011b odoln\u00e9, vysoce flexibiln\u00ed speci\u00e1ln\u00ed oceli.<\/p>","protected":false},"excerpt":{"rendered":"<p>Flick Nageleisen 500 mm Flickeisen Dachdecker Schiefer-Nagelzieher N\u00e4gel Optimale L\u00e4nge f\u00fcr alle Dacheindeckungen geeignet. Arbeitsl\u00e4nge: ca. 500 mm Gesamtl\u00e4nge: ca. 650 mm. Hergestellt in \u00d6sterreich Das Nageleisen ist hervorragend zum Ausbessern einzelner Eternit- oder Schieferplatten geeignet. Auch f\u00fcr d\u00fcnnen und empfindlichen Schiefer. Aus besonders belastbarem, hochflexiblem Spezialstahl gefertigt.<\/p>","protected":false},"featured_media":292,"template":"","meta":[],"pwb-brand":[],"product_brand":[],"product_cat":[51],"product_tag":[],"class_list":{"0":"post-61","1":"product","2":"type-product","3":"status-publish","4":"has-post-thumbnail","6":"product_cat-montagehilfe-und-bohrer","8":"first","9":"instock","10":"taxable","11":"shipping-taxable","12":"purchasable","13":"product-type-simple"},"brands":[],"_links":{"self":[{"href":"https:\/\/solarblech.shop\/cs\/wp-json\/wp\/v2\/product\/61","targetHints":{"allow":["GET"]}}],"collection":[{"href":"https:\/\/solarblech.shop\/cs\/wp-json\/wp\/v2\/product"}],"about":[{"href":"https:\/\/solarblech.shop\/cs\/wp-json\/wp\/v2\/types\/product"}],"wp:featuredmedia":[{"embeddable":true,"href":"https:\/\/solarblech.shop\/cs\/wp-json\/wp\/v2\/media\/292"}],"wp:attachment":[{"href":"https:\/\/solarblech.shop\/cs\/wp-json\/wp\/v2\/media?parent=61"}],"wp:term":[{"taxonomy":"pwb-brand","embeddable":true,"href":"https:\/\/solarblech.shop\/cs\/wp-json\/wp\/v2\/pwb-brand?post=61"},{"taxonomy":"product_brand","embeddable":true,"href":"https:\/\/solarblech.shop\/cs\/wp-json\/wp\/v2\/product_brand?post=61"},{"taxonomy":"product_cat","embeddable":true,"href":"https:\/\/solarblech.shop\/cs\/wp-json\/wp\/v2\/product_cat?post=61"},{"taxonomy":"product_tag","embeddable":true,"href":"https:\/\/solarblech.shop\/cs\/wp-json\/wp\/v2\/product_tag?post=61"}],"curies":[{"name":"wp","href":"https:\/\/api.w.org\/{rel}","templated":true}]}}