{"id":60,"date":"2023-11-14T13:42:21","date_gmt":"2023-11-14T13:42:21","guid":{"rendered":"http:\/\/schagerl.online\/product\/flanschgehause-3-fach-ip65-inkl-tullen-und-dichtung\/"},"modified":"2025-10-03T09:14:21","modified_gmt":"2025-10-03T07:14:21","slug":"flanschgehaeuse-3-fach-ip65-inkl","status":"publish","type":"product","link":"https:\/\/solarblech.shop\/cs\/product\/flanschgehaeuse-3-fach-ip65-inkl\/","title":{"rendered":"P\u0159\u00edrubov\u00e9 pouzdro 3n\u00e1sobn\u00e9 IP65 v\u010detn\u011b pr\u016fchodek a t\u011bsn\u011bn\u00ed"},"content":{"rendered":"<h5>D\u011bliteln\u00e9 pouzdro p\u0159\u00edruby do 90\u00b0 <a href=\"https:\/\/solarblech.shop\/cs\/product\/kabeleinfuehrung-ip65-flanschgehaeuse\/\">Kabelov\u00fd vstup<\/a> kabel\u016f se z\u00e1str\u010dkami \/ IP65<\/h5>\n<p>V\u0161estrann\u00e9 3n\u00e1sobn\u00e9 p\u0159\u00edrubov\u00e9 pouzdro s t\u0159\u00eddou ochrany IP65, kompletn\u00ed s pr\u016fchodkami a t\u011bsn\u011bn\u00edm. Ide\u00e1ln\u00ed pro bezpe\u010dn\u00e9 pou\u017eit\u00ed v n\u00e1ro\u010dn\u00fdch prost\u0159ed\u00edch. Objevte nyn\u00ed spolehliv\u00e9 \u0159e\u0161en\u00ed pro va\u0161e individu\u00e1ln\u00ed po\u017eadavky na robustn\u00ed a chr\u00e1n\u011bn\u00e9 kryty elektronick\u00fdch sou\u010d\u00e1stek.<\/p>\n<p>Sou\u010d\u00e1st\u00ed sady:<\/p>\n<ul>\n<li>3-n\u00e1sobn\u00e9 p\u0159\u00edrubov\u00e9 pouzdro<\/li>\n<li>integrovan\u00e9 t\u011bsn\u011bn\u00ed<\/li>\n<li>3 pr\u016fchodky (rozsah up\u00edn\u00e1n\u00ed 4-7 mm)<\/li>\n<li>3 pr\u016fchodky (rozsah upnut\u00ed 8-11 mm)<\/li>\n<\/ul>\n<p>S instala\u010dn\u00ed v\u00fd\u0161kou pouh\u00fdch 38 mm lze toto p\u0159\u00edrubov\u00e9 pouzdro instalovat na v\u011bt\u0161inu st\u0159ech <a href=\"http:\/\/www.esz.at\/\" rel=\"nofollow noopener\" target=\"_blank\">pou\u017eit\u00ed.<\/a><\/p>\n<p>Pro pokryt\u00ed up\u00ednac\u00edho rozsahu 4-11 mm je v sad\u011b zahrnuto celkem 6 pr\u016fchodek. To znamen\u00e1, \u017ee sol\u00e1rn\u00ed kabely 4 mm\u00b2 (5,25 mm) a\u017e 16 mm\u00b2 zemn\u00edc\u00ed kabely (9,9 mm) lze bez probl\u00e9m\u016f pevn\u011b sev\u0159\u00edt.<\/p>\n<ul>\n<li style=\"list-style-type: none;\">\n<ul>\n<li>D\u00e9lka: 100 mm<\/li>\n<li>\u0160\u00ed\u0159ka: 53 mm<\/li>\n<li>V\u00fd\u0161ka: 38 mm<\/li>\n<li>Mont\u00e1\u017en\u00ed v\u00fd\u0161ka: 38 mm<\/li>\n<\/ul>\n<\/li>\n<\/ul>","protected":false},"excerpt":{"rendered":"<p>Teilbares Flanschgeh\u00e4use zur 90\u00b0 Kabeleinf\u00fchrung von Leitungen mit Steckern \/ IP65 Vielseitiges 3-fach Flanschgeh\u00e4use mit IP65 Schutzklasse, komplett inklusive T\u00fcllen und Dichtung. Perfekt f\u00fcr den sicheren Einsatz in anspruchsvollen Umgebungen. Entdecken Sie jetzt eine zuverl\u00e4ssige L\u00f6sung f\u00fcr Ihre individuellen Anforderungen an robuste und gesch\u00fctzte Geh\u00e4use f\u00fcr elektronische Komponenten. Im Set dabei: 3-fach Flanschgeh\u00e4use integrierte Dichtung [&hellip;]<\/p>\n","protected":false},"featured_media":318,"template":"","meta":[],"pwb-brand":[],"product_brand":[],"product_cat":[49],"product_tag":[],"class_list":{"0":"post-60","1":"product","2":"type-product","3":"status-publish","4":"has-post-thumbnail","6":"product_cat-kabeleinfuehrungen-und-flansche","8":"first","9":"instock","10":"taxable","11":"shipping-taxable","12":"purchasable","13":"product-type-simple"},"brands":[],"_links":{"self":[{"href":"https:\/\/solarblech.shop\/cs\/wp-json\/wp\/v2\/product\/60","targetHints":{"allow":["GET"]}}],"collection":[{"href":"https:\/\/solarblech.shop\/cs\/wp-json\/wp\/v2\/product"}],"about":[{"href":"https:\/\/solarblech.shop\/cs\/wp-json\/wp\/v2\/types\/product"}],"wp:featuredmedia":[{"embeddable":true,"href":"https:\/\/solarblech.shop\/cs\/wp-json\/wp\/v2\/media\/318"}],"wp:attachment":[{"href":"https:\/\/solarblech.shop\/cs\/wp-json\/wp\/v2\/media?parent=60"}],"wp:term":[{"taxonomy":"pwb-brand","embeddable":true,"href":"https:\/\/solarblech.shop\/cs\/wp-json\/wp\/v2\/pwb-brand?post=60"},{"taxonomy":"product_brand","embeddable":true,"href":"https:\/\/solarblech.shop\/cs\/wp-json\/wp\/v2\/product_brand?post=60"},{"taxonomy":"product_cat","embeddable":true,"href":"https:\/\/solarblech.shop\/cs\/wp-json\/wp\/v2\/product_cat?post=60"},{"taxonomy":"product_tag","embeddable":true,"href":"https:\/\/solarblech.shop\/cs\/wp-json\/wp\/v2\/product_tag?post=60"}],"curies":[{"name":"wp","href":"https:\/\/api.w.org\/{rel}","templated":true}]}}