{"id":55,"date":"2023-11-14T13:42:21","date_gmt":"2023-11-14T13:42:21","guid":{"rendered":"http:\/\/schagerl.online\/product\/stockschraube-m12-edelstahl-vorkonfektioniert\/"},"modified":"2026-04-04T18:27:19","modified_gmt":"2026-04-04T16:27:19","slug":"stockschrauben-m12-edelstahl","status":"publish","type":"product","link":"https:\/\/solarblech.shop\/cs\/product\/stockschrauben-m12-edelstahl\/","title":{"rendered":"Z\u00e1v\u011bsn\u00e9 \u0161rouby M12, p\u0159edmontovan\u00e9 z nerezov\u00e9 oceli"},"content":{"rendered":"<h5>Z\u00e1v\u011bsn\u00e9 \u0161rouby M12<\/h5>\n<div><\/div>\n<div>S vn\u011bj\u0161\u00edm \u0161estihranem, nerezov\u00e1 ocel<\/div>\n<p>V sad\u011b 3 \u00d7 matice M12 a t\u011bsn\u011bn\u00ed EPDM.<\/p>\n<p>Vyrobeno v N\u011bmecku<\/p>\n<div>\n<p>Pro <a href=\"https:\/\/www.aundu.at\/\" rel=\"nofollow noopener\" target=\"_blank\">Shrom\u00e1\u017ed\u011bn\u00ed<\/a> Pro z\u00e1v\u011bsn\u00fd \u0161roub doporu\u010duji n\u00e1sleduj\u00edc\u00ed postup:<\/p>\n<ul>\n<li>Z\u00e1v\u011bsn\u00fd \u0161roub M12, p\u0159edvrt\u00e1n\u00ed do d\u0159eva \u00d8 8,5 mm<\/li>\n<\/ul>\n<p>Z\u00e1v\u011bsn\u00fd \u0161roub mus\u00ed b\u00fdt v\u017edy instalov\u00e1n kolmo ke sklonu st\u0159echy.<\/p>\n<ul>\n<li style=\"list-style-type: none;\">\n<ul>\n<li>Jmenovit\u00fd pr\u016fm\u011br: 12mm<\/li>\n<li>Verze: P\u0159edmontovan\u00e1, 1 x t\u011bsn\u011bn\u00ed EPDM, 3 x pojistn\u00e1 matice,\u00a0<a href=\"https:\/\/solarblech.shop\/cs\/product\/solarblech-edelstahl-200x370mm-08mm\/\">nerezov\u00e1 ocel<\/a> A2<\/li>\n<\/ul>\n<\/li>\n<\/ul>\n<\/div>","protected":false},"excerpt":{"rendered":"<p>Stockschrauben M12 Mit Au\u00dfensechskant, Edelstahl Im Set 3 \u00d7 Mutter M12 und Dichtung EPDM. Hergestellt in Deutschland F\u00fcr die Montage der Stockschraube empfehle ich folgende Vorgehensweise: Stockschraube M12, Vorbohren in Holz \u00d8 8.5 mm Die Montage der Stockschraube ist immer in senkrechter Ausrichtung zur Dachneigung vorzunehmen. Nenndurchmesser: 12 mm Ausf\u00fchrung: Vorkonfektioniert,\u00a01 x EPDM-Dichtung, 3 x [&hellip;]<\/p>\n","protected":false},"featured_media":870,"template":"","meta":[],"pwb-brand":[],"product_brand":[],"product_cat":[50],"product_tag":[],"class_list":{"0":"post-55","1":"product","2":"type-product","3":"status-publish","4":"has-post-thumbnail","6":"product_cat-stockschrauben-und-adapterbleche","8":"first","9":"instock","10":"taxable","11":"shipping-taxable","12":"purchasable","13":"product-type-variable"},"brands":[],"_links":{"self":[{"href":"https:\/\/solarblech.shop\/cs\/wp-json\/wp\/v2\/product\/55","targetHints":{"allow":["GET"]}}],"collection":[{"href":"https:\/\/solarblech.shop\/cs\/wp-json\/wp\/v2\/product"}],"about":[{"href":"https:\/\/solarblech.shop\/cs\/wp-json\/wp\/v2\/types\/product"}],"wp:featuredmedia":[{"embeddable":true,"href":"https:\/\/solarblech.shop\/cs\/wp-json\/wp\/v2\/media\/870"}],"wp:attachment":[{"href":"https:\/\/solarblech.shop\/cs\/wp-json\/wp\/v2\/media?parent=55"}],"wp:term":[{"taxonomy":"pwb-brand","embeddable":true,"href":"https:\/\/solarblech.shop\/cs\/wp-json\/wp\/v2\/pwb-brand?post=55"},{"taxonomy":"product_brand","embeddable":true,"href":"https:\/\/solarblech.shop\/cs\/wp-json\/wp\/v2\/product_brand?post=55"},{"taxonomy":"product_cat","embeddable":true,"href":"https:\/\/solarblech.shop\/cs\/wp-json\/wp\/v2\/product_cat?post=55"},{"taxonomy":"product_tag","embeddable":true,"href":"https:\/\/solarblech.shop\/cs\/wp-json\/wp\/v2\/product_tag?post=55"}],"curies":[{"name":"wp","href":"https:\/\/api.w.org\/{rel}","templated":true}]}}