{"id":51,"date":"2023-11-14T13:42:21","date_gmt":"2023-11-14T13:42:21","guid":{"rendered":"http:\/\/schagerl.online\/product\/alu-solarblech-200x370mm-1mm-inkl-dichtring\/"},"modified":"2026-03-06T09:51:41","modified_gmt":"2026-03-06T07:51:41","slug":"alu-solarblech-200x370mm","status":"publish","type":"product","link":"https:\/\/solarblech.shop\/cs\/product\/alu-solarblech-200x370mm\/","title":{"rendered":"ALU sol\u00e1rn\u00ed plech 200x370mm 1mm v\u010detn\u011b t\u011bsnic\u00edho krou\u017eku"},"content":{"rendered":"<h5>Specifikace ALU sol\u00e1rn\u00edho plechu<\/h5>\n<p>Vzhledem k velk\u00e9 popt\u00e1vce po levn\u011bj\u0161\u00edm \u0159e\u0161en\u00ed mohu nyn\u00ed nab\u00eddnout i dal\u0161\u00ed sol\u00e1rn\u00ed panely z hlin\u00edku \u201eAlMg3\u201c tlou\u0161\u0165ky 1 mm. Pokud hled\u00e1te kvalitn\u00ed \u0159e\u0161en\u00ed z nerezov\u00e9 oceli, doporu\u010duji toto <a href=\"https:\/\/solarblech.shop\/cs\/product\/solarblech-edelstahl-200x370mm-08mm\/\">Sol\u00e1rn\u00ed plachta<\/a> Nerezov\u00e1 ocel 200\u00d7370 mm.<\/p>\n<p>ALU sol\u00e1rn\u00ed plech nebo t\u011bsn\u00edc\u00ed plech pro eternitov\u00e9, \u0161indelov\u00e9 a b\u0159idlicov\u00e9 st\u0159echy. (Rhombus a mnoho dal\u0161\u00edch tvar\u016f a variant)<\/p>\n<p>Pro n\u011b nutnost <a href=\"https:\/\/trendex.at\/\" rel=\"nofollow noopener\" target=\"_blank\">Shrom\u00e1\u017ed\u011bn\u00ed<\/a> fotovoltaick\u00fd syst\u00e9m na eternitov\u00e9 a \u0161indelov\u00e9 st\u0159e\u0161e k:<\/p>\n<div>\n<ul>\n<li>Aby byla voda spr\u00e1vn\u011b vypu\u0161t\u011bna<\/li>\n<li>K rozlo\u017een\u00ed v\u00e1hy<\/li>\n<li>Spr\u00e1vn\u011b p\u0159ipojte \u0161roub z\u00e1v\u011bsu<\/li>\n<li>Pr\u00e1\u0161kov\u00e9 lakov\u00e1n\u00ed mo\u017en\u00e9 ve v\u0161ech barv\u00e1ch<\/li>\n<li>V\u00fdroba v\u00fdhradn\u011b v Rakousku<\/li>\n<li>ihned k dispozici<\/li>\n<li>neot\u0159epen\u00e9<\/li>\n<\/ul>\n<\/div>\n<p>Na zadn\u00ed stran\u011b listu je 3 mm t\u011bsn\u011bn\u00ed z leh\u010den\u00e9 pry\u017ee EPDM. Pr\u016fm\u011br 30-50mm T\u011bsn\u011bn\u00ed je sou\u010d\u00e1st\u00ed a mus\u00ed b\u00fdt nalepeno na sebe. Skl\u00e1d\u00e1n\u00ed list\u016f by jinak rozdrtilo t\u011bsn\u011bn\u00ed.<\/p>\n<p>Z\u00e1v\u011bsn\u00e9 \u0161rouby nejsou sou\u010d\u00e1st\u00ed dod\u00e1vky a je nutn\u00e9 je zakoupit samostatn\u011b.<\/p>\n<p>Podobn\u00e1 kl\u00ed\u010dov\u00e1 slova: Schletter\u016fv pl\u00e1n b\u0159idlice, n\u00e1hradn\u00ed deska b\u0159idlice, n\u00e1hradn\u00ed deska kovov\u00e9 b\u0159idlice, mont\u00e1\u017en\u00ed deska, nosn\u00e1 deska<\/p>","protected":false},"excerpt":{"rendered":"<p>Spezifikation von ALU Solarblech Aufgrund der gro\u00dfen Nachfrage nach einer g\u00fcnstigeren L\u00f6sung kann ich ab sofort auch zus\u00e4tzliche Solarbleche aus Aluminium &#8222;AlMg3&#8220; 1 mm dick anbieten. Wer eine hochwertige L\u00f6sung aus Edelstahl sucht, empfehle ich die Solarblech 200&#215;370 mm Edelstahl. ALU Solarblech bzw. Dichtungsblech f\u00fcr Eternit, Schindel bis hin zu Schiefer D\u00e4cher. (Rhombus und viele [&hellip;]<\/p>\n","protected":false},"featured_media":2904,"template":"","meta":[],"pwb-brand":[16],"product_brand":[],"product_cat":[52],"product_tag":[],"class_list":{"0":"post-51","1":"product","2":"type-product","3":"status-publish","4":"has-post-thumbnail","6":"pwb-brand-solarblech","7":"product_cat-solarbleche","9":"first","10":"instock","11":"taxable","12":"shipping-taxable","13":"purchasable","14":"product-type-simple"},"brands":[{"id":16,"name":"Sol\u00e1rn\u00ed plachta","slug":"solarblech"}],"_links":{"self":[{"href":"https:\/\/solarblech.shop\/cs\/wp-json\/wp\/v2\/product\/51","targetHints":{"allow":["GET"]}}],"collection":[{"href":"https:\/\/solarblech.shop\/cs\/wp-json\/wp\/v2\/product"}],"about":[{"href":"https:\/\/solarblech.shop\/cs\/wp-json\/wp\/v2\/types\/product"}],"wp:featuredmedia":[{"embeddable":true,"href":"https:\/\/solarblech.shop\/cs\/wp-json\/wp\/v2\/media\/2904"}],"wp:attachment":[{"href":"https:\/\/solarblech.shop\/cs\/wp-json\/wp\/v2\/media?parent=51"}],"wp:term":[{"taxonomy":"pwb-brand","embeddable":true,"href":"https:\/\/solarblech.shop\/cs\/wp-json\/wp\/v2\/pwb-brand?post=51"},{"taxonomy":"product_brand","embeddable":true,"href":"https:\/\/solarblech.shop\/cs\/wp-json\/wp\/v2\/product_brand?post=51"},{"taxonomy":"product_cat","embeddable":true,"href":"https:\/\/solarblech.shop\/cs\/wp-json\/wp\/v2\/product_cat?post=51"},{"taxonomy":"product_tag","embeddable":true,"href":"https:\/\/solarblech.shop\/cs\/wp-json\/wp\/v2\/product_tag?post=51"}],"curies":[{"name":"wp","href":"https:\/\/api.w.org\/{rel}","templated":true}]}}