{"id":1551,"date":"2024-02-04T13:12:35","date_gmt":"2024-02-04T13:12:35","guid":{"rendered":"https:\/\/solarblech.shop\/?post_type=product&#038;p=1551"},"modified":"2026-03-18T16:06:58","modified_gmt":"2026-03-18T14:06:58","slug":"pulverbeschichtung-alu-solarblech-200x370mm-1mm-inkl-dichtring","status":"publish","type":"product","link":"https:\/\/solarblech.shop\/cs\/product\/pulverbeschichtung-alu-solarblech-200x370mm-1mm-inkl-dichtring\/","title":{"rendered":"PR\u00c1\u0160KOV\u00dd N\u00c1T\u011aR HLIN\u00cdK sol\u00e1rn\u00ed plech 200x370mm 1mm v\u010d"},"content":{"rendered":"<p><strong>ACHTUNG!<\/strong><\/p>\n<ul>\n<li><strong>Bitte unbedingt die gew\u00fcnschte RAL Classic Nummer (4 Ziffern) in das Notizfeld im Warenkorb hinzuf\u00fcgen<\/strong><\/li>\n<\/ul>\n<p><strong>Wichte Hinweise!<\/strong><\/p>\n<ul>\n<li>Bei individuell beschichteten Solarblechen ist leider keine R\u00fccknahme m\u00f6glich.<\/li>\n<li>Die Beschichtung wird extra durchgef\u00fchrt f\u00fcr Sie, Lieferzeit 2 Wochen.<\/li>\n<li>Bei Pulverbeschichtungen gibt es eine Mindestbestellmenge von <strong>25 St\u00fcck. <\/strong>(Mindermengenzuschlag seitens der Beschichtungsfirma)<strong><br \/>\n<\/strong><\/li>\n<\/ul>\n<h5>Spezifikation von Pulverbeschichteten ALU Solarblechen<\/h5>\n<p>Der angegebene Preis ist ein Aluminium Solarblech Standard inklusive Pulverbeschichtung.<\/p>\n<p>Pr\u00e1\u0161kov\u00e9 lakov\u00e1n\u00ed lze prov\u00e9st ve v\u0161ech barv\u00e1ch RAL Classic (4m\u00edstn\u00fd k\u00f3d) v matn\u00e9m proveden\u00ed. Poznamenejte si pros\u00edm po\u017eadovanou barvu RAL.<\/p>\n<p>Pr\u00e1\u0161kov\u00e9 lakov\u00e1n\u00ed se prov\u00e1d\u00ed na obou stran\u00e1ch.<\/p>\n<p>&nbsp;<\/p>\n<p>ALU sol\u00e1rn\u00ed plech nebo t\u011bsn\u00edc\u00ed plech pro eternitov\u00e9, \u0161indelov\u00e9 a b\u0159idlicov\u00e9 st\u0159echy. (Rhombus a mnoho dal\u0161\u00edch tvar\u016f a variant)<\/p>\n<p>Pro n\u011b nutnost <a href=\"https:\/\/trendex.at\/\" rel=\"nofollow noopener\" target=\"_blank\">Shrom\u00e1\u017ed\u011bn\u00ed<\/a> fotovoltaick\u00fd syst\u00e9m na eternitov\u00e9 a \u0161indelov\u00e9 st\u0159e\u0161e k:<\/p>\n<div>\n<ul>\n<li>Aby byla voda spr\u00e1vn\u011b vypu\u0161t\u011bna<\/li>\n<li>K rozlo\u017een\u00ed v\u00e1hy<\/li>\n<li>Spr\u00e1vn\u011b p\u0159ipojte \u0161roub z\u00e1v\u011bsu<\/li>\n<li>Pr\u00e1\u0161kov\u00e9 lakov\u00e1n\u00ed mo\u017en\u00e9 ve v\u0161ech barv\u00e1ch<\/li>\n<li>V\u00fdroba v\u00fdhradn\u011b v Rakousku<\/li>\n<li>ihned k dispozici<\/li>\n<li>neot\u0159epen\u00e9<\/li>\n<\/ul>\n<\/div>\n<p>Na zadn\u00ed stran\u011b listu je 3 mm t\u011bsn\u011bn\u00ed z leh\u010den\u00e9 pry\u017ee EPDM. Pr\u016fm\u011br 30-50mm T\u011bsn\u011bn\u00ed je sou\u010d\u00e1st\u00ed a mus\u00ed b\u00fdt nalepeno na sebe. Skl\u00e1d\u00e1n\u00ed list\u016f by jinak rozdrtilo t\u011bsn\u011bn\u00ed.<\/p>\n<p>Z\u00e1v\u011bsn\u00e9 \u0161rouby nejsou sou\u010d\u00e1st\u00ed dod\u00e1vky a je nutn\u00e9 je zakoupit samostatn\u011b.<\/p>","protected":false},"excerpt":{"rendered":"<p>ACHTUNG! Bitte unbedingt die gew\u00fcnschte RAL Classic Nummer (4 Ziffern) in das Notizfeld im Warenkorb hinzuf\u00fcgen Wichte Hinweise! Bei individuell beschichteten Solarblechen ist leider keine R\u00fccknahme m\u00f6glich. Die Beschichtung wird extra durchgef\u00fchrt f\u00fcr Sie, Lieferzeit 2 Wochen. Bei Pulverbeschichtungen gibt es eine Mindestbestellmenge von 25 St\u00fcck. (Mindermengenzuschlag seitens der Beschichtungsfirma) Spezifikation von Pulverbeschichteten ALU Solarblechen [&hellip;]<\/p>\n","protected":false},"featured_media":3084,"template":"","meta":[],"pwb-brand":[16],"product_brand":[],"product_cat":[52],"product_tag":[],"class_list":{"0":"post-1551","1":"product","2":"type-product","3":"status-publish","4":"has-post-thumbnail","6":"pwb-brand-solarblech","7":"product_cat-solarbleche","9":"first","10":"instock","11":"taxable","12":"shipping-taxable","13":"purchasable","14":"product-type-simple"},"brands":[{"id":16,"name":"Sol\u00e1rn\u00ed plachta","slug":"solarblech"}],"_links":{"self":[{"href":"https:\/\/solarblech.shop\/cs\/wp-json\/wp\/v2\/product\/1551","targetHints":{"allow":["GET"]}}],"collection":[{"href":"https:\/\/solarblech.shop\/cs\/wp-json\/wp\/v2\/product"}],"about":[{"href":"https:\/\/solarblech.shop\/cs\/wp-json\/wp\/v2\/types\/product"}],"wp:featuredmedia":[{"embeddable":true,"href":"https:\/\/solarblech.shop\/cs\/wp-json\/wp\/v2\/media\/3084"}],"wp:attachment":[{"href":"https:\/\/solarblech.shop\/cs\/wp-json\/wp\/v2\/media?parent=1551"}],"wp:term":[{"taxonomy":"pwb-brand","embeddable":true,"href":"https:\/\/solarblech.shop\/cs\/wp-json\/wp\/v2\/pwb-brand?post=1551"},{"taxonomy":"product_brand","embeddable":true,"href":"https:\/\/solarblech.shop\/cs\/wp-json\/wp\/v2\/product_brand?post=1551"},{"taxonomy":"product_cat","embeddable":true,"href":"https:\/\/solarblech.shop\/cs\/wp-json\/wp\/v2\/product_cat?post=1551"},{"taxonomy":"product_tag","embeddable":true,"href":"https:\/\/solarblech.shop\/cs\/wp-json\/wp\/v2\/product_tag?post=1551"}],"curies":[{"name":"wp","href":"https:\/\/api.w.org\/{rel}","templated":true}]}}