{"id":140,"date":"2023-11-15T16:42:16","date_gmt":"2023-11-15T16:42:16","guid":{"rendered":"http:\/\/schagerl.online\/?page_id=140"},"modified":"2024-01-08T10:55:36","modified_gmt":"2024-01-08T10:55:36","slug":"montageanleitung","status":"publish","type":"page","link":"https:\/\/solarblech.shop\/cs\/montageanleitung\/","title":{"rendered":"mont\u00e1\u017en\u00ed n\u00e1vod"},"content":{"rendered":"<div data-elementor-type=\"wp-page\" data-elementor-id=\"140\" class=\"elementor elementor-140\">\n\t\t\t\t<div class=\"elementor-element elementor-element-e0da0f1 e-flex e-con-boxed e-con e-parent\" data-id=\"e0da0f1\" data-element_type=\"container\" data-e-type=\"container\">\n\t\t\t\t\t<div class=\"e-con-inner\">\n\t\t<div class=\"elementor-element elementor-element-1324b8f e-con-full e-flex e-con e-child\" data-id=\"1324b8f\" data-element_type=\"container\" data-e-type=\"container\">\n\t\t\t\t<div class=\"elementor-element elementor-element-64a4b52 elementor-widget elementor-widget-video\" data-id=\"64a4b52\" data-element_type=\"widget\" data-e-type=\"widget\" data-settings=\"{&quot;youtube_url&quot;:&quot;https:\\\/\\\/youtu.be\\\/8JjslaCkk4o?si=7MgklePrW2g4tTYk&quot;,&quot;autoplay&quot;:&quot;yes&quot;,&quot;play_on_mobile&quot;:&quot;yes&quot;,&quot;mute&quot;:&quot;yes&quot;,&quot;loop&quot;:&quot;yes&quot;,&quot;video_type&quot;:&quot;youtube&quot;,&quot;controls&quot;:&quot;yes&quot;}\" data-widget_type=\"video.default\">\n\t\t\t\t<div class=\"elementor-widget-container\">\n\t\t\t\t\t\t\t<div class=\"elementor-wrapper elementor-open-inline\">\n\t\t\t<div class=\"elementor-video\"><\/div>\t\t<\/div>\n\t\t\t\t\t\t<\/div>\n\t\t\t\t<\/div>\n\t\t\t\t<div class=\"elementor-element elementor-element-d3d8a14 elementor-hidden-mobile elementor-widget elementor-widget-video\" data-id=\"d3d8a14\" data-element_type=\"widget\" data-e-type=\"widget\" data-settings=\"{&quot;youtube_url&quot;:&quot;https:\\\/\\\/youtu.be\\\/OmYZIBy_sDg?si=-c_qsnXPBBLhDI0O&quot;,&quot;video_type&quot;:&quot;youtube&quot;,&quot;controls&quot;:&quot;yes&quot;}\" data-widget_type=\"video.default\">\n\t\t\t\t<div class=\"elementor-widget-container\">\n\t\t\t\t\t\t\t<div class=\"elementor-wrapper elementor-open-inline\">\n\t\t\t<div class=\"elementor-video\"><\/div>\t\t<\/div>\n\t\t\t\t\t\t<\/div>\n\t\t\t\t<\/div>\n\t\t\t\t<div class=\"elementor-element elementor-element-f0c2cc8 elementor-hidden-mobile elementor-widget elementor-widget-video\" data-id=\"f0c2cc8\" data-element_type=\"widget\" data-e-type=\"widget\" data-settings=\"{&quot;youtube_url&quot;:&quot;https:\\\/\\\/youtu.be\\\/gZE60V7B09U?si=nLfhLZJYIRUQQVHq&quot;,&quot;video_type&quot;:&quot;youtube&quot;,&quot;controls&quot;:&quot;yes&quot;}\" data-widget_type=\"video.default\">\n\t\t\t\t<div class=\"elementor-widget-container\">\n\t\t\t\t\t\t\t<div class=\"elementor-wrapper elementor-open-inline\">\n\t\t\t<div class=\"elementor-video\"><\/div>\t\t<\/div>\n\t\t\t\t\t\t<\/div>\n\t\t\t\t<\/div>\n\t\t\t\t<div class=\"elementor-element elementor-element-1a6cac7 elementor-hidden-mobile elementor-widget elementor-widget-image\" data-id=\"1a6cac7\" data-element_type=\"widget\" data-e-type=\"widget\" data-widget_type=\"image.default\">\n\t\t\t\t<div class=\"elementor-widget-container\">\n\t\t\t\t\t\t\t\t\t\t\t\t\t\t\t<img fetchpriority=\"high\" decoding=\"async\" width=\"640\" height=\"288\" src=\"https:\/\/solarblech.shop\/wp-content\/uploads\/2023\/11\/1670514203802.webp\" class=\"attachment-large size-large wp-image-142\" alt=\"\" srcset=\"https:\/\/solarblech.shop\/wp-content\/uploads\/2023\/11\/1670514203802.webp 640w, https:\/\/solarblech.shop\/wp-content\/uploads\/2023\/11\/1670514203802-300x135.webp 300w, https:\/\/solarblech.shop\/wp-content\/uploads\/2023\/11\/1670514203802-600x270.webp 600w\" sizes=\"(max-width: 640px) 100vw, 640px\" \/>\t\t\t\t\t\t\t\t\t\t\t\t\t\t\t<\/div>\n\t\t\t\t<\/div>\n\t\t\t\t<div class=\"elementor-element elementor-element-c868384 elementor-hidden-mobile elementor-widget elementor-widget-image\" data-id=\"c868384\" data-element_type=\"widget\" data-e-type=\"widget\" data-widget_type=\"image.default\">\n\t\t\t\t<div class=\"elementor-widget-container\">\n\t\t\t\t\t\t\t\t\t\t\t\t\t\t\t<img decoding=\"async\" width=\"575\" height=\"1024\" src=\"https:\/\/solarblech.shop\/wp-content\/uploads\/2023\/11\/1655545895456-575x1024.webp\" class=\"attachment-large size-large wp-image-143\" alt=\"\" srcset=\"https:\/\/solarblech.shop\/wp-content\/uploads\/2023\/11\/1655545895456-575x1024.webp 575w, https:\/\/solarblech.shop\/wp-content\/uploads\/2023\/11\/1655545895456-300x534.webp 300w, https:\/\/solarblech.shop\/wp-content\/uploads\/2023\/11\/1655545895456-600x1068.webp 600w, https:\/\/solarblech.shop\/wp-content\/uploads\/2023\/11\/1655545895456-169x300.webp 169w, https:\/\/solarblech.shop\/wp-content\/uploads\/2023\/11\/1655545895456.webp 640w\" sizes=\"(max-width: 575px) 100vw, 575px\" \/>\t\t\t\t\t\t\t\t\t\t\t\t\t\t\t<\/div>\n\t\t\t\t<\/div>\n\t\t\t\t<\/div>\n\t\t<div class=\"elementor-element elementor-element-c3a1462 e-flex e-con-boxed e-con e-child\" data-id=\"c3a1462\" data-element_type=\"container\" data-e-type=\"container\" data-settings=\"{&quot;background_background&quot;:&quot;classic&quot;}\">\n\t\t\t\t\t<div class=\"e-con-inner\">\n\t\t\t\t<div class=\"elementor-element elementor-element-8401a91 elementor-widget elementor-widget-heading\" data-id=\"8401a91\" data-element_type=\"widget\" data-e-type=\"widget\" data-widget_type=\"heading.default\">\n\t\t\t\t<div class=\"elementor-widget-container\">\n\t\t\t\t\t<h2 class=\"elementor-heading-title elementor-size-default\">mont\u00e1\u017en\u00ed n\u00e1vod<\/h2>\t\t\t\t<\/div>\n\t\t\t\t<\/div>\n\t\t\t\t<div class=\"elementor-element elementor-element-61f5f64 elementor-widget elementor-widget-text-editor\" data-id=\"61f5f64\" data-element_type=\"widget\" data-e-type=\"widget\" data-widget_type=\"text-editor.default\">\n\t\t\t\t<div class=\"elementor-widget-container\">\n\t\t\t\t\t\t\t\t\t<ul class=\"color_15 font_8 wixui-rich-text__text\"><li class=\"wixui-rich-text__text\"><p class=\"font_8 wixui-rich-text__text\"><span class=\"wixui-rich-text__text\"><span class=\"color_15 wixui-rich-text__text\">Prvn\u00edm krokem je o\u010distit st\u0159echu od mechu a ne\u010distot. Nejlep\u0161\u00ed je pou\u017e\u00edt konven\u010dn\u00ed pouli\u010dn\u00ed smet\u00e1k.<\/span><\/span><\/p><\/li><\/ul><ul class=\"color_15 font_8 wixui-rich-text__text\"><li class=\"wixui-rich-text__text\"><p class=\"font_8 wixui-rich-text__text\"><span class=\"wixui-rich-text__text\">Body otvor\u016f na st\u0159e\u0161e pak mus\u00ed b\u00fdt ozna\u010deny. V z\u00e1vislosti na tom, zda vid\u00edte krokve zevnit\u0159 nebo ne, to m\u016f\u017ee b\u00fdt nejn\u00e1ro\u010dn\u011bj\u0161\u00ed \u010d\u00e1st. Nejlep\u0161\u00ed je ozna\u010dit je\u00a0<span style=\"text-decoration: underline;\"><a class=\"wixui-rich-text__text\" href=\"https:\/\/amzn.to\/3B8SgVR\" target=\"_blank\" rel=\"noreferrer noopener nofollow\">K\u0159\u00edda linka, s k\u0159\u00eddou<\/a><\/span>\u00a0a jeden\u00a0<span style=\"text-decoration: underline;\"><a class=\"wixui-rich-text__text\" href=\"https:\/\/amzn.to\/3cjW1xe\" target=\"_blank\" rel=\"noreferrer noopener nofollow\">profesion\u00e1ln\u00ed k\u0159\u00eddov\u00fd fix<\/a>.<\/span> Jako tip mohu doporu\u010dit otev\u0159en\u00ed h\u0159ebene st\u0159echy. M\u00e1m na to jeden\u00a0<a class=\"wixui-rich-text__text\" href=\"https:\/\/www.youtube.com\/watch?v=OmYZIBy_sDg\" target=\"_blank\" rel=\"noreferrer noopener nofollow\">YouTube video<\/a> oto\u010dil, mo\u017en\u00e1 ti to pom\u016f\u017ee.<\/span><\/p><\/li><\/ul><ul class=\"color_15 font_8 wixui-rich-text__text\"><li class=\"wixui-rich-text__text\"><p class=\"font_8 wixui-rich-text__text\"><span class=\"wixui-rich-text__text\">Vrtac\u00ed body by m\u011bly b\u00fdt provedeny p\u0159\u00edmo nad p\u0159\u00ed\u010dnou st\u0159e\u0161n\u00ed lat\u00ed. Tam, kde b\u011b\u017e\u00ed st\u0159e\u0161n\u00ed lat\u011b<\/span>\u00a0Pozn\u00e1te je podle bod\u016f neht\u016f na Eternitov\u00fdch desti\u010dk\u00e1ch.<\/p><\/li><\/ul>\t\t\t\t\t\t\t\t<\/div>\n\t\t\t\t<\/div>\n\t\t<div class=\"elementor-element elementor-element-ac0c941 e-flex e-con-boxed e-con e-child\" data-id=\"ac0c941\" data-element_type=\"container\" data-e-type=\"container\" data-settings=\"{&quot;background_background&quot;:&quot;classic&quot;}\">\n\t\t\t\t\t<div class=\"e-con-inner\">\n\t\t\t\t<div class=\"elementor-element elementor-element-d44a383 elementor-widget elementor-widget-text-editor\" data-id=\"d44a383\" data-element_type=\"widget\" data-e-type=\"widget\" data-widget_type=\"text-editor.default\">\n\t\t\t\t<div class=\"elementor-widget-container\">\n\t\t\t\t\t\t\t\t\t<p>Grafika: \u00a9 baulinks.de 2014<\/p>\t\t\t\t\t\t\t\t<\/div>\n\t\t\t\t<\/div>\n\t\t\t\t\t<\/div>\n\t\t\t\t<\/div>\n\t\t\t\t<div class=\"elementor-element elementor-element-b942358 elementor-widget elementor-widget-text-editor\" data-id=\"b942358\" data-element_type=\"widget\" data-e-type=\"widget\" data-widget_type=\"text-editor.default\">\n\t\t\t\t<div class=\"elementor-widget-container\">\n\t\t\t\t\t\t\t\t\t<ul class=\"font_8 wixui-rich-text__text\"><li class=\"wixui-rich-text__text\"><p class=\"font_8 wixui-rich-text__text\"><span class=\"wixui-rich-text__text\">Po ozna\u010den\u00ed m\u016f\u017ee za\u010d\u00edt vrt\u00e1n\u00ed. Samotn\u00e9 panely Eternit se dod\u00e1vaj\u00ed s a\u00a0<\/span><span class=\"wixui-rich-text__text\">velk\u00fd vrt\u00e1k<\/span><span class=\"wixui-rich-text__text\"> provrtan\u00e9 tak, aby se \u0161roub z\u00e1v\u011bsu nedot\u00fdkal bo\u010dn\u00edch st\u0159e\u0161n\u00edch panel\u016f. Doporu\u010duje se vrtat o 5 mm v\u011bt\u0161\u00ed, ne\u017e je pr\u016fm\u011br \u0161roubu z\u00e1v\u011bsu. T\u011bsn\u011bn\u00ed EPDM (bun\u011b\u010dn\u00e1 pry\u017e) by m\u011blo rozhodn\u011b spo\u010d\u00edvat na desce Eternit. Samotn\u00e1 d\u0159ev\u011bn\u00e1 krokev se pak p\u0159edvrt\u00e1 men\u0161\u00edm vrt\u00e1kem v z\u00e1vislosti na pr\u016fm\u011bru \u0161roubu z\u00e1v\u011bsu.<\/span><\/p><\/li><\/ul><ul class=\"font_8 wixui-rich-text__text\"><li class=\"wixui-rich-text__text\"><p class=\"font_8 wixui-rich-text__text\"><span class=\"wixui-rich-text__text\">T\u011bsn\u011bn\u00ed z leh\u010den\u00e9 pry\u017ee EPDM 50 mm mus\u00ed z\u00e1kazn\u00edk nalepit na zadn\u00ed stranu plechu. Bohu\u017eel je nelze v tov\u00e1rn\u011b slepit, proto\u017ee t\u011bsn\u011bn\u00ed je p\u0159i expedici sol\u00e1rn\u00edch panel\u016f rozdrceno.<\/span><\/p><\/li><\/ul><ul class=\"font_8 wixui-rich-text__text\"><li class=\"wixui-rich-text__text\"><p class=\"font_8 wixui-rich-text__text\"><span class=\"wixui-rich-text__text\">Sol\u00e1rn\u00ed panely lze pot\u00e9 vlo\u017eit zespodu. Op\u011bt viz foto v\u00fd\u0161e. N\u011bkdy se plech nepoda\u0159\u00ed \u00fapln\u011b zasunout. Skvrny od neht\u016f na horn\u00edch plotn\u00e1ch jen z\u0159\u00eddka p\u0159ek\u00e1\u017eej\u00ed. Sol\u00e1rn\u00ed panel pak pat\u0159\u00ed takto\u00a0<a class=\"wixui-rich-text__text\" href=\"https:\/\/youtu.be\/8JjslaCkk4o?si=7MgklePrW2g4tTYk\" target=\"_blank\" rel=\"noreferrer noopener nofollow\"><span style=\"text-decoration: underline;\">Video<\/span><\/a>\u00a0zobrazeno s jedn\u00edm\u00a0<span style=\"text-decoration: underline;\"><a class=\"wixui-rich-text__text\" href=\"https:\/\/amzn.to\/3T2GdiU\" target=\"_blank\" rel=\"noreferrer noopener nofollow\">\u00dahlov\u00e1 bruska<\/a><\/span> zkr\u00e1cena.<\/span><\/p><\/li><\/ul><ul class=\"font_8 wixui-rich-text__text\"><li class=\"wixui-rich-text__text\"><p class=\"font_8 wixui-rich-text__text\"><span class=\"wixui-rich-text__text\">Vezm\u011bte pros\u00edm na v\u011bdom\u00ed, \u017ee se stane, \u017ee ne ka\u017ed\u00fd plech bude le\u017eet zcela na st\u0159e\u0161e. M\u016f\u017ee b\u00fdt n\u011bkolik milimetr\u016f od st\u0159echy. To je jedno. Je d\u016fle\u017eit\u00e9, aby byl t\u011bsnic\u00ed krou\u017eek na sv\u00e9m m\u00edst\u011b. Je-li vzd\u00e1lenost p\u0159\u00edli\u0161 velk\u00e1, p\u0159itla\u010dte plech kr\u00e1tce rukou.<\/span><\/p><\/li><li class=\"wixui-rich-text__text\"><p class=\"font_8 wixui-rich-text__text\"><span class=\"wixui-rich-text__text\">Posledn\u00edm krokem je za\u0161roubov\u00e1n\u00ed \u0161roubu z\u00e1v\u011bsu a uta\u017een\u00ed matice s pry\u017eov\u00fdm t\u011bsn\u011bn\u00edm. Z\u00e1v\u011bsn\u00fd \u0161roub je dod\u00e1v\u00e1n s a\u00a0<a class=\"wixui-rich-text__text\" href=\"https:\/\/amzn.to\/3PwersY\" target=\"_blank\" rel=\"noreferrer noopener nofollow\"><span style=\"text-decoration: underline;\">r\u00e1\u010dna<\/span><\/a>\u00a0nebo\u00a0<span style=\"text-decoration: underline;\"><a class=\"wixui-rich-text__text\" href=\"https:\/\/amzn.to\/3o3e9xZ\" target=\"_blank\" rel=\"noreferrer noopener nofollow\">siln\u00fd vrt\u00e1k<\/a>\u00a0<\/span>za\u0161roubovan\u00fd. Pry\u017eov\u00e9 t\u011bsn\u011bn\u00ed by nem\u011blo b\u00fdt p\u0159i\u0161roubov\u00e1no p\u0159\u00edli\u0161 pevn\u011b. T\u011bsn\u011bn\u00ed EPDM (celul\u00e1rn\u00ed pry\u017e) by m\u011blo b\u00fdt dle v\u00fdrobce zalisov\u00e1no cca z 1\/3.<\/span><\/p><\/li><\/ul>\t\t\t\t\t\t\t\t<\/div>\n\t\t\t\t<\/div>\n\t\t\t\t<div class=\"elementor-element elementor-element-5b58226 elementor-widget elementor-widget-text-editor\" data-id=\"5b58226\" data-element_type=\"widget\" data-e-type=\"widget\" data-widget_type=\"text-editor.default\">\n\t\t\t\t<div class=\"elementor-widget-container\">\n\t\t\t\t\t\t\t\t\t<p class=\"font_8 wixui-rich-text__text\"><span class=\"wixui-rich-text__text\">Pozn\u00e1mka: Neru\u010d\u00edm za aktu\u00e1lnost, p\u0159esnost nebo \u00faplnost informac\u00ed.<\/span><\/p><p class=\"font_8 wixui-rich-text__text\"><span class=\"wixui-rich-text__text\"><span class=\"color_15 wixui-rich-text__text\">*Jako \u010dlen Amazonu vyd\u011bl\u00e1v\u00e1m z kvalifikovan\u00e9ho prodeje. d\u00edk<\/span><\/span><\/p>\t\t\t\t\t\t\t\t<\/div>\n\t\t\t\t<\/div>\n\t\t\t\t\t<\/div>\n\t\t\t\t<\/div>\n\t\t\t\t\t<\/div>\n\t\t\t\t<\/div>\n\t\t\t\t<\/div>","protected":false},"excerpt":{"rendered":"<p>Montageanleitung Als Erstes geh\u00f6rt das Dach von Moos und Verunreinigungen gereinigt. Am Besten wird dazu ein herk\u00f6mmlicher Stra\u00dfenbesen verwendet. Anschlie\u00dfend m\u00fcssen die Punkte der Bohrungen am Dach angezeichnet werden. Je nachdem, ob man die Dachsparren von innen sieht oder nicht, ist das mitunter der langwierigste Part. Angezeichnet wird am besten mit einer\u00a0Schlagschnur, mit Kreide\u00a0und einem\u00a0professionellen [&hellip;]<\/p>\n","protected":false},"author":1,"featured_media":0,"parent":0,"menu_order":2,"comment_status":"closed","ping_status":"closed","template":"elementor_header_footer","meta":{"footnotes":""},"class_list":["post-140","page","type-page","status-publish","hentry"],"_links":{"self":[{"href":"https:\/\/solarblech.shop\/cs\/wp-json\/wp\/v2\/pages\/140","targetHints":{"allow":["GET"]}}],"collection":[{"href":"https:\/\/solarblech.shop\/cs\/wp-json\/wp\/v2\/pages"}],"about":[{"href":"https:\/\/solarblech.shop\/cs\/wp-json\/wp\/v2\/types\/page"}],"author":[{"embeddable":true,"href":"https:\/\/solarblech.shop\/cs\/wp-json\/wp\/v2\/users\/1"}],"replies":[{"embeddable":true,"href":"https:\/\/solarblech.shop\/cs\/wp-json\/wp\/v2\/comments?post=140"}],"version-history":[{"count":6,"href":"https:\/\/solarblech.shop\/cs\/wp-json\/wp\/v2\/pages\/140\/revisions"}],"predecessor-version":[{"id":1465,"href":"https:\/\/solarblech.shop\/cs\/wp-json\/wp\/v2\/pages\/140\/revisions\/1465"}],"wp:attachment":[{"href":"https:\/\/solarblech.shop\/cs\/wp-json\/wp\/v2\/media?parent=140"}],"curies":[{"name":"wp","href":"https:\/\/api.w.org\/{rel}","templated":true}]}}