{"id":69,"date":"2023-11-14T13:42:22","date_gmt":"2023-11-14T13:42:22","guid":{"rendered":"http:\/\/schagerl.online\/product\/kabeleinfuhrung-ip65-flanschgehause-mit-tulleneinsatz\/"},"modified":"2026-04-08T08:01:02","modified_gmt":"2026-04-08T06:01:02","slug":"kabeleinfuehrung-ip65-flanschgehaeuse","status":"publish","type":"product","link":"https:\/\/solarblech.shop\/be\/product\/kabeleinfuehrung-ip65-flanschgehaeuse\/","title":{"rendered":"Kabelinvoer \u2013 IP65 flensbehuizing met doorvoertule"},"content":{"rendered":"<h5>Specificatie kabelinvoer<\/h5>\n<p>Flensbehuizing met kabelinvoer volgens IP65-norm op een 0,8 mm roestvrijstalen plaat 200 \u00d7 370 mm.<\/p>\n<p>Er zijn in totaal 4 kleine gaatjes van 4 mm aan de zijkanten voor klinknagels om rechtstreeks aan de dakbedekking te bevestigen.<\/p>\n<p>Inbegrepen in de set:<\/p>\n<ul>\n<li><a href=\"https:\/\/solarblech.shop\/be\/product\/solarblech-edelstahl-200x370mm-08mm\/\">Roestvrij stalen plaat<\/a> 200 \u00d7 370 x 0,8 mm met bijpassende uitsparingen voor schroeven en bussen.<\/li>\n<li>90\u00b0 flensbehuizing met IP65-bescherming<\/li>\n<li>Einsatz entweder:\n<ul>\n<li>3x sproeierinzetstukken voor 20, 25 en 32 mm slangen<\/li>\n<li>je 3 St\u00fcck T\u00fcllen Klemmbereich 4-7mm und 3 T\u00fcllen Klemmbereich 8-11mm<\/li>\n<\/ul>\n<\/li>\n<li>4 stuks klinknagels 4 x 16 mm<\/li>\n<li>RVS schroeven en moeren om de flens te bevestigen <a href=\"https:\/\/www.aundu.at\/\" rel=\"nofollow noopener\" target=\"_blank\">huisvesting<\/a> op de RVS plaat (is al gemonteerd)<\/li>\n<li>EPDM-celrubberafdichting aan de onderkant.<\/li>\n<\/ul>\n<p>Eigenschappen: UV-bestendig, siliconenvrij, halogeenvrij, trillingsbestendig.<\/p>\n<p>&nbsp;<\/p>\n<p>&nbsp;<\/p>","protected":false},"excerpt":{"rendered":"<p>Spezifikation von Kabeleinf\u00fchrung Flanschgeh\u00e4use mit Kabeleinf\u00fchrung nach IP65 Standard auf einem 0,8 mm Edelstahl Blech 200 \u00d7 370 mm. An den Seiten sind insgesamt 4 kleine 4 mm L\u00f6cher f\u00fcr Nieten zum Befestigen auf der Dacheindeckung direkt. Im Set enthalten: Edelstahlblech 200 \u00d7 370 x 0,8 mm mit passenden Aussparungen f\u00fcr Schrauben und Durchf\u00fchrung. 90\u00b0 [&hellip;]<\/p>\n","protected":false},"featured_media":280,"template":"","meta":[],"pwb-brand":[],"product_brand":[],"product_cat":[49],"product_tag":[80],"class_list":{"0":"post-69","1":"product","2":"type-product","3":"status-publish","4":"has-post-thumbnail","6":"product_cat-kabeleinfuehrungen-und-flansche","7":"product_tag-kabeleinfuehrung","9":"first","10":"instock","11":"taxable","12":"shipping-taxable","13":"purchasable","14":"product-type-variable"},"brands":[],"_links":{"self":[{"href":"https:\/\/solarblech.shop\/be\/wp-json\/wp\/v2\/product\/69","targetHints":{"allow":["GET"]}}],"collection":[{"href":"https:\/\/solarblech.shop\/be\/wp-json\/wp\/v2\/product"}],"about":[{"href":"https:\/\/solarblech.shop\/be\/wp-json\/wp\/v2\/types\/product"}],"wp:featuredmedia":[{"embeddable":true,"href":"https:\/\/solarblech.shop\/be\/wp-json\/wp\/v2\/media\/280"}],"wp:attachment":[{"href":"https:\/\/solarblech.shop\/be\/wp-json\/wp\/v2\/media?parent=69"}],"wp:term":[{"taxonomy":"pwb-brand","embeddable":true,"href":"https:\/\/solarblech.shop\/be\/wp-json\/wp\/v2\/pwb-brand?post=69"},{"taxonomy":"product_brand","embeddable":true,"href":"https:\/\/solarblech.shop\/be\/wp-json\/wp\/v2\/product_brand?post=69"},{"taxonomy":"product_cat","embeddable":true,"href":"https:\/\/solarblech.shop\/be\/wp-json\/wp\/v2\/product_cat?post=69"},{"taxonomy":"product_tag","embeddable":true,"href":"https:\/\/solarblech.shop\/be\/wp-json\/wp\/v2\/product_tag?post=69"}],"curies":[{"name":"wp","href":"https:\/\/api.w.org\/{rel}","templated":true}]}}