{"id":66,"date":"2023-11-14T13:42:22","date_gmt":"2023-11-14T13:42:22","guid":{"rendered":"http:\/\/schagerl.online\/product\/solarblech-sondermas-200x590mm-08mm-inkl-dichtring-v2a\/"},"modified":"2026-03-03T12:25:56","modified_gmt":"2026-03-03T10:25:56","slug":"solarblech-sondermass-590-x-200-mm","status":"publish","type":"product","link":"https:\/\/solarblech.shop\/be\/product\/solarblech-sondermass-590-x-200-mm\/","title":{"rendered":"Zonneplaat speciaal formaat 590 x 200 mm inclusief afdichtring"},"content":{"rendered":"<h5>Zonneplaat speciaal formaat 590 x 200 mm voor grote panelen<\/h5>\n<p>Een must voor hen <a href=\"http:\/\/www.esz.at\/\" rel=\"nofollow noopener\" target=\"_blank\">Montage<\/a> een fotovolta\u00efsch systeem op een eterniet- en shinglesdak om:<\/p>\n<div>\n<div>\n<div>\n<ul>\n<li>Voorkom dat de dakpanelen breken<\/li>\n<li>Om het water goed af te voeren<\/li>\n<li>Om het gewicht te verdelen<\/li>\n<li>Sluit de stokschroef correct aan<\/li>\n<li>Bijzonder robuust omdat hij 0,8 mm dik is<\/li>\n<li>Roestvrij <a href=\"https:\/\/solarblech.shop\/be\/product\/alu-solarblech-200x370mm\/\">roestvrij staal<\/a> (V2A)<\/li>\n<li>Poedercoating mogelijk in alle kleuren<\/li>\n<li>Productie uitsluitend in Oostenrijk<\/li>\n<li>onmiddellijk beschikbaar<\/li>\n<\/ul>\n<\/div>\n<\/div>\n<\/div>\n<p>Op de achterzijde van de plaat bevindt zich een EPDM-celrubberafdichting van 3 mm. Diameter 30-50 mm Het zegel wordt meegeleverd en dient u zelf op te plakken. Het stapelen van de platen zou anders de afdichtingen verpletteren.<\/p>\n<p>De stokschroeven zijn niet inbegrepen en moeten apart worden aangeschaft.<\/p>","protected":false},"excerpt":{"rendered":"<p>Solarblech Sonderma\u00df 590 x 200 mm f\u00fcr gro\u00dfe Platten Ein Muss f\u00fcr die Montage einer Photovoltaik Anlage auf einem Eternit und Schindel Dach um: Ein Brechen der Dachplatten verhindern Das Wasser richtig abzuleiten Das Gewicht zu verteilen Die Stockschraube richtig anzubinden Besonders robust, weil 0,8 mm dick Rostfreier Edelstahl (V2A) Pulverbeschichtung in allen Farben m\u00f6glich [&hellip;]<\/p>\n","protected":false},"featured_media":987,"template":"","meta":[],"pwb-brand":[16],"product_brand":[],"product_cat":[52],"product_tag":[],"class_list":{"0":"post-66","1":"product","2":"type-product","3":"status-publish","4":"has-post-thumbnail","6":"pwb-brand-solarblech","7":"product_cat-solarbleche","9":"first","10":"instock","11":"taxable","12":"shipping-taxable","13":"purchasable","14":"product-type-variable","15":"has-default-attributes"},"brands":[{"id":16,"name":"Zonneplaat","slug":"solarblech"}],"_links":{"self":[{"href":"https:\/\/solarblech.shop\/be\/wp-json\/wp\/v2\/product\/66","targetHints":{"allow":["GET"]}}],"collection":[{"href":"https:\/\/solarblech.shop\/be\/wp-json\/wp\/v2\/product"}],"about":[{"href":"https:\/\/solarblech.shop\/be\/wp-json\/wp\/v2\/types\/product"}],"wp:featuredmedia":[{"embeddable":true,"href":"https:\/\/solarblech.shop\/be\/wp-json\/wp\/v2\/media\/987"}],"wp:attachment":[{"href":"https:\/\/solarblech.shop\/be\/wp-json\/wp\/v2\/media?parent=66"}],"wp:term":[{"taxonomy":"pwb-brand","embeddable":true,"href":"https:\/\/solarblech.shop\/be\/wp-json\/wp\/v2\/pwb-brand?post=66"},{"taxonomy":"product_brand","embeddable":true,"href":"https:\/\/solarblech.shop\/be\/wp-json\/wp\/v2\/product_brand?post=66"},{"taxonomy":"product_cat","embeddable":true,"href":"https:\/\/solarblech.shop\/be\/wp-json\/wp\/v2\/product_cat?post=66"},{"taxonomy":"product_tag","embeddable":true,"href":"https:\/\/solarblech.shop\/be\/wp-json\/wp\/v2\/product_tag?post=66"}],"curies":[{"name":"wp","href":"https:\/\/api.w.org\/{rel}","templated":true}]}}