{"id":64,"date":"2023-11-14T13:42:22","date_gmt":"2023-11-14T13:42:22","guid":{"rendered":"http:\/\/schagerl.online\/product\/richtiger-umgang-mit-asbest-auva-merkblatt\/"},"modified":"2026-01-25T11:02:36","modified_gmt":"2026-01-25T09:02:36","slug":"richtiger-umgang-mit-asbest-auva-merkblatt","status":"publish","type":"product","link":"https:\/\/solarblech.shop\/be\/product\/richtiger-umgang-mit-asbest-auva-merkblatt\/","title":{"rendered":"Correct omgaan met asbest \u2013 AUVA-brochure"},"content":{"rendered":"<p>Gratis folder van AUVA over correct omgaan met asbest<\/p>\n<p>&nbsp;<\/p>\n<p>Bij inademing veroorzaken asbestvezels ernstige ziekten van de luchtwegen en de longen. De gezondheidsproblemen ontstaan pas na jaren (decennia) en zijn nauwelijks behandelbaar. De asbesthoudende bouwmaterialen, die sinds 1990 verboden zijn, brengen de gezondheid van bouwvakkers en bewoners in gevaar - tijdens de sloop zijn nog steeds beschermende maatregelen nodig.<\/p>\n<p>&nbsp;<\/p>\n<p>Let op: regelgeving geldt voor Oostenrijk!<\/p>\n<p>&nbsp;<\/p>\n<p>U kunt dit informatieblad ook online verkrijgen of bestellen via de volgende link.<\/p>\n<p><a href=\"https:\/\/solarblech.shop\/wp-content\/uploads\/2024\/07\/1704373613-m-plus-267-richtiger-umgang-mit-asbest-auva-pdf.pdf\" target=\"_blank\" rel=\"noopener\">DOWNLOAD \u2013 M plus 267 Correct omgaan met asbest voor leidinggevenden (Oostenrijk)<\/a><\/p>\n<p><a href=\"https:\/\/solarblech.shop\/wp-content\/uploads\/2024\/07\/merkblatt-richtiger-umgang-mit-asbest.pdf\">DOWNLOAD \u2013 M 367 Correct omgaan met asbest (Oostenrijk)<\/a><\/p>\n<p>&nbsp;<\/p>","protected":false},"excerpt":{"rendered":"<p>Gratis Merkblatt der AUVA f\u00fcr Richtiger Umgang mit Asbest &nbsp; Asbestfasern f\u00fchren nach dem Einatmen zu schweren Erkrankungen der Atemwege und Lungen. Die Gesundheitsst\u00f6rungen treten erst nach Jahr(zehnt)en auf, und sind kaum behandelbar. Die seit 1990 verbotenen asbesth\u00e4ltigen Baumaterialien gef\u00e4hrdeten die Gesundheit von Bauarbeitern und auch Hausbewohnern &#8211; beim Abbruch sind auch weiterhin Schutzma\u00dfnahmen erforderlich. [&hellip;]<\/p>\n","protected":false},"featured_media":325,"template":"","meta":[],"pwb-brand":[],"product_brand":[],"product_cat":[15],"product_tag":[],"class_list":{"0":"post-64","1":"product","2":"type-product","3":"status-publish","4":"has-post-thumbnail","6":"product_cat-uncategorized","8":"first","9":"instock","10":"sold-individually","11":"taxable","12":"shipping-taxable","13":"purchasable","14":"product-type-simple"},"brands":[],"_links":{"self":[{"href":"https:\/\/solarblech.shop\/be\/wp-json\/wp\/v2\/product\/64","targetHints":{"allow":["GET"]}}],"collection":[{"href":"https:\/\/solarblech.shop\/be\/wp-json\/wp\/v2\/product"}],"about":[{"href":"https:\/\/solarblech.shop\/be\/wp-json\/wp\/v2\/types\/product"}],"wp:featuredmedia":[{"embeddable":true,"href":"https:\/\/solarblech.shop\/be\/wp-json\/wp\/v2\/media\/325"}],"wp:attachment":[{"href":"https:\/\/solarblech.shop\/be\/wp-json\/wp\/v2\/media?parent=64"}],"wp:term":[{"taxonomy":"pwb-brand","embeddable":true,"href":"https:\/\/solarblech.shop\/be\/wp-json\/wp\/v2\/pwb-brand?post=64"},{"taxonomy":"product_brand","embeddable":true,"href":"https:\/\/solarblech.shop\/be\/wp-json\/wp\/v2\/product_brand?post=64"},{"taxonomy":"product_cat","embeddable":true,"href":"https:\/\/solarblech.shop\/be\/wp-json\/wp\/v2\/product_cat?post=64"},{"taxonomy":"product_tag","embeddable":true,"href":"https:\/\/solarblech.shop\/be\/wp-json\/wp\/v2\/product_tag?post=64"}],"curies":[{"name":"wp","href":"https:\/\/api.w.org\/{rel}","templated":true}]}}