{"id":60,"date":"2023-11-14T13:42:21","date_gmt":"2023-11-14T13:42:21","guid":{"rendered":"http:\/\/schagerl.online\/product\/flanschgehause-3-fach-ip65-inkl-tullen-und-dichtung\/"},"modified":"2025-10-03T09:14:21","modified_gmt":"2025-10-03T07:14:21","slug":"flanschgehaeuse-3-fach-ip65-inkl","status":"publish","type":"product","link":"https:\/\/solarblech.shop\/be\/product\/flanschgehaeuse-3-fach-ip65-inkl\/","title":{"rendered":"Flensbehuizing 3-voudig IP65 inclusief doorvoertules en afdichting"},"content":{"rendered":"<h5>Deelbare flensbehuizing tot 90\u00b0 <a href=\"https:\/\/solarblech.shop\/be\/product\/kabeleinfuehrung-ip65-flanschgehaeuse\/\">Kabelinvoer<\/a> van kabels met stekkers \/ IP65<\/h5>\n<p>Veelzijdige 3-voudige flensbehuizing met IP65 beschermingsklasse, compleet met doorvoertules en afdichting. Perfect voor veilig gebruik in veeleisende omgevingen. Ontdek nu een betrouwbare oplossing voor uw individuele eisen aan robuuste en beschermde behuizingen voor elektronische componenten.<\/p>\n<p>Inbegrepen in de set:<\/p>\n<ul>\n<li>3-voudige flensbehuizing<\/li>\n<li>ge\u00efntegreerde afdichting<\/li>\n<li>3 doorvoertules (klembereik 4-7 mm)<\/li>\n<li>3 doorvoertules (klembereik 8-11 mm)<\/li>\n<\/ul>\n<p>Met een inbouwhoogte van slechts 38 mm kan deze flensbehuizing in de meeste daken worden ge\u00efnstalleerd <a href=\"http:\/\/www.esz.at\/\" rel=\"nofollow noopener\" target=\"_blank\">gebruik.<\/a><\/p>\n<p>Voor een klembereik van 4-11 mm worden in de set in totaal 6 doorvoertules meegeleverd. Dit betekent dat 4 mm\u00b2 zonnekabels (5,25 mm) tot 16 mm\u00b2 grondkabels (9,9 mm) zonder problemen strak kunnen worden vastgeklemd.<\/p>\n<ul>\n<li style=\"list-style-type: none;\">\n<ul>\n<li>Lengte: 100 mm<\/li>\n<li>Breedte: 53 mm<\/li>\n<li>Hoogte: 38 mm<\/li>\n<li>Inbouwhoogte: 38 mm<\/li>\n<\/ul>\n<\/li>\n<\/ul>","protected":false},"excerpt":{"rendered":"<p>Teilbares Flanschgeh\u00e4use zur 90\u00b0 Kabeleinf\u00fchrung von Leitungen mit Steckern \/ IP65 Vielseitiges 3-fach Flanschgeh\u00e4use mit IP65 Schutzklasse, komplett inklusive T\u00fcllen und Dichtung. Perfekt f\u00fcr den sicheren Einsatz in anspruchsvollen Umgebungen. Entdecken Sie jetzt eine zuverl\u00e4ssige L\u00f6sung f\u00fcr Ihre individuellen Anforderungen an robuste und gesch\u00fctzte Geh\u00e4use f\u00fcr elektronische Komponenten. Im Set dabei: 3-fach Flanschgeh\u00e4use integrierte Dichtung [&hellip;]<\/p>\n","protected":false},"featured_media":318,"template":"","meta":[],"pwb-brand":[],"product_brand":[],"product_cat":[49],"product_tag":[],"class_list":{"0":"post-60","1":"product","2":"type-product","3":"status-publish","4":"has-post-thumbnail","6":"product_cat-kabeleinfuehrungen-und-flansche","8":"first","9":"instock","10":"taxable","11":"shipping-taxable","12":"purchasable","13":"product-type-simple"},"brands":[],"_links":{"self":[{"href":"https:\/\/solarblech.shop\/be\/wp-json\/wp\/v2\/product\/60","targetHints":{"allow":["GET"]}}],"collection":[{"href":"https:\/\/solarblech.shop\/be\/wp-json\/wp\/v2\/product"}],"about":[{"href":"https:\/\/solarblech.shop\/be\/wp-json\/wp\/v2\/types\/product"}],"wp:featuredmedia":[{"embeddable":true,"href":"https:\/\/solarblech.shop\/be\/wp-json\/wp\/v2\/media\/318"}],"wp:attachment":[{"href":"https:\/\/solarblech.shop\/be\/wp-json\/wp\/v2\/media?parent=60"}],"wp:term":[{"taxonomy":"pwb-brand","embeddable":true,"href":"https:\/\/solarblech.shop\/be\/wp-json\/wp\/v2\/pwb-brand?post=60"},{"taxonomy":"product_brand","embeddable":true,"href":"https:\/\/solarblech.shop\/be\/wp-json\/wp\/v2\/product_brand?post=60"},{"taxonomy":"product_cat","embeddable":true,"href":"https:\/\/solarblech.shop\/be\/wp-json\/wp\/v2\/product_cat?post=60"},{"taxonomy":"product_tag","embeddable":true,"href":"https:\/\/solarblech.shop\/be\/wp-json\/wp\/v2\/product_tag?post=60"}],"curies":[{"name":"wp","href":"https:\/\/api.w.org\/{rel}","templated":true}]}}