{"id":51,"date":"2023-11-14T13:42:21","date_gmt":"2023-11-14T13:42:21","guid":{"rendered":"http:\/\/schagerl.online\/product\/alu-solarblech-200x370mm-1mm-inkl-dichtring\/"},"modified":"2026-03-06T09:51:41","modified_gmt":"2026-03-06T07:51:41","slug":"alu-solarblech-200x370mm","status":"publish","type":"product","link":"https:\/\/solarblech.shop\/be\/product\/alu-solarblech-200x370mm\/","title":{"rendered":"ALU zonneplaat 200x370mm 1mm incl. afdichtring"},"content":{"rendered":"<h5>Specificatie ALU zonnezeil<\/h5>\n<p>Aufgrund der gro\u00dfen Nachfrage nach einer g\u00fcnstigeren L\u00f6sung kann ich ab sofort auch zus\u00e4tzliche Solarbleche aus Aluminium \u201eAlMg3\u201c 1 mm dick anbieten. Wer eine hochwertige L\u00f6sung aus Edelstahl sucht, empfehle ich die <a href=\"https:\/\/solarblech.shop\/be\/product\/solarblech-edelstahl-200x370mm-08mm\/\">Zonneplaat<\/a> 200\u00d7370 mm Edelstahl.<\/p>\n<p>ALU zonneplaat of afdichtingsplaat voor Eternit-, dakspanen- en leiendaken. (Ruit en vele andere vormen en varianten)<\/p>\n<p>Een must voor hen <a href=\"https:\/\/trendex.at\/\" rel=\"nofollow noopener\" target=\"_blank\">Montage<\/a> een fotovolta\u00efsch systeem op een eterniet- en shinglesdak om:<\/p>\n<div>\n<ul>\n<li>Om het water goed af te voeren<\/li>\n<li>Om het gewicht te verdelen<\/li>\n<li>Sluit de stokschroef correct aan<\/li>\n<li>Poedercoating mogelijk in alle kleuren<\/li>\n<li>Productie uitsluitend in Oostenrijk<\/li>\n<li>onmiddellijk beschikbaar<\/li>\n<li>niet ontbraamd<\/li>\n<\/ul>\n<\/div>\n<p>Op de achterzijde van de plaat bevindt zich een EPDM-celrubberafdichting van 3 mm. Diameter 30-50 mm Het zegel wordt meegeleverd en dient u zelf op te plakken. Het stapelen van de platen zou anders de afdichtingen verpletteren.<\/p>\n<p>De stokschroeven zijn niet inbegrepen en moeten apart worden aangeschaft.<\/p>\n<p>Soortgelijke zoekwoorden: Schletter-leisteenplan, leisteenvervangingsplaat, metalen leisteenvervangingsplaat, montageplaattegel, achterplaat<\/p>","protected":false},"excerpt":{"rendered":"<p>Spezifikation von ALU Solarblech Aufgrund der gro\u00dfen Nachfrage nach einer g\u00fcnstigeren L\u00f6sung kann ich ab sofort auch zus\u00e4tzliche Solarbleche aus Aluminium \u201eAlMg3\u201c 1 mm dick anbieten. Wer eine hochwertige L\u00f6sung aus Edelstahl sucht, empfehle ich die Solarblech 200\u00d7370 mm Edelstahl. ALU Solarblech bzw. Dichtungsblech f\u00fcr Eternit, Schindel bis hin zu Schiefer D\u00e4cher. (Rhombus und viele [&hellip;]<\/p>\n","protected":false},"featured_media":2904,"template":"","meta":[],"pwb-brand":[16],"product_brand":[],"product_cat":[52],"product_tag":[],"class_list":{"0":"post-51","1":"product","2":"type-product","3":"status-publish","4":"has-post-thumbnail","6":"pwb-brand-solarblech","7":"product_cat-solarbleche","9":"first","10":"instock","11":"taxable","12":"shipping-taxable","13":"purchasable","14":"product-type-simple"},"brands":[{"id":16,"name":"Zonneplaat","slug":"solarblech"}],"_links":{"self":[{"href":"https:\/\/solarblech.shop\/be\/wp-json\/wp\/v2\/product\/51","targetHints":{"allow":["GET"]}}],"collection":[{"href":"https:\/\/solarblech.shop\/be\/wp-json\/wp\/v2\/product"}],"about":[{"href":"https:\/\/solarblech.shop\/be\/wp-json\/wp\/v2\/types\/product"}],"wp:featuredmedia":[{"embeddable":true,"href":"https:\/\/solarblech.shop\/be\/wp-json\/wp\/v2\/media\/2904"}],"wp:attachment":[{"href":"https:\/\/solarblech.shop\/be\/wp-json\/wp\/v2\/media?parent=51"}],"wp:term":[{"taxonomy":"pwb-brand","embeddable":true,"href":"https:\/\/solarblech.shop\/be\/wp-json\/wp\/v2\/pwb-brand?post=51"},{"taxonomy":"product_brand","embeddable":true,"href":"https:\/\/solarblech.shop\/be\/wp-json\/wp\/v2\/product_brand?post=51"},{"taxonomy":"product_cat","embeddable":true,"href":"https:\/\/solarblech.shop\/be\/wp-json\/wp\/v2\/product_cat?post=51"},{"taxonomy":"product_tag","embeddable":true,"href":"https:\/\/solarblech.shop\/be\/wp-json\/wp\/v2\/product_tag?post=51"}],"curies":[{"name":"wp","href":"https:\/\/api.w.org\/{rel}","templated":true}]}}