{"id":1551,"date":"2024-02-04T13:12:35","date_gmt":"2024-02-04T13:12:35","guid":{"rendered":"https:\/\/solarblech.shop\/?post_type=product&#038;p=1551"},"modified":"2026-03-18T16:06:58","modified_gmt":"2026-03-18T14:06:58","slug":"pulverbeschichtung-alu-solarblech-200x370mm-1mm-inkl-dichtring","status":"publish","type":"product","link":"https:\/\/solarblech.shop\/be\/product\/pulverbeschichtung-alu-solarblech-200x370mm-1mm-inkl-dichtring\/","title":{"rendered":"POEDERCOATING ALU zonneplaat 200x370mm 1mm incl. afdichtring"},"content":{"rendered":"<p><strong>GEVAAR!<\/strong><\/p>\n<ul>\n<li><strong>Zorg ervoor dat u het gewenste RAL Classic-nummer (4 cijfers) toevoegt aan het notitieveld in de winkelwagen<\/strong><\/li>\n<\/ul>\n<p><strong>Belangrijke informatie!<\/strong><\/p>\n<ul>\n<li>Helaas kunnen individueel gecoate zonnepanelen niet geretourneerd worden.<\/li>\n<li>Het coaten wordt speciaal voor u uitgevoerd, levertijd 2 weken.<\/li>\n<li>Voor poedercoatings geldt een minimale bestelhoeveelheid van <strong>25 stuks. <\/strong>(Toeslag voor kleine aantallen door coatingbedrijf)<strong><br \/>\n<\/strong><\/li>\n<\/ul>\n<h5>Specificatie van gepoedercoate ALU zonnepanelen<\/h5>\n<p>De getoonde prijs is een standaard aluminium zonnepaneel inclusief poedercoating.<\/p>\n<p>Poedercoating kan worden uitgevoerd in alle RAL Classic kleuren (4-cijferige code) in mat. Let op de gewenste RAL-kleur.<\/p>\n<p>De poedercoating wordt aan beide zijden uitgevoerd.<\/p>\n<p>&nbsp;<\/p>\n<p>ALU zonneplaat of afdichtingsplaat voor Eternit-, dakspanen- en leiendaken. (Ruit en vele andere vormen en varianten)<\/p>\n<p>Een must voor hen <a href=\"https:\/\/trendex.at\/\" rel=\"nofollow noopener\" target=\"_blank\">Montage<\/a> een fotovolta\u00efsch systeem op een eterniet- en shinglesdak om:<\/p>\n<div>\n<ul>\n<li>Om het water goed af te voeren<\/li>\n<li>Om het gewicht te verdelen<\/li>\n<li>Sluit de stokschroef correct aan<\/li>\n<li>Poedercoating mogelijk in alle kleuren<\/li>\n<li>Productie uitsluitend in Oostenrijk<\/li>\n<li>onmiddellijk beschikbaar<\/li>\n<li>niet ontbraamd<\/li>\n<\/ul>\n<\/div>\n<p>Op de achterzijde van de plaat bevindt zich een EPDM-celrubberafdichting van 3 mm. Diameter 30-50 mm Het zegel wordt meegeleverd en dient u zelf op te plakken. Het stapelen van de platen zou anders de afdichtingen verpletteren.<\/p>\n<p>De stokschroeven zijn niet inbegrepen en moeten apart worden aangeschaft.<\/p>","protected":false},"excerpt":{"rendered":"<p>ACHTUNG! Bitte unbedingt die gew\u00fcnschte RAL Classic Nummer (4 Ziffern) in das Notizfeld im Warenkorb hinzuf\u00fcgen Wichte Hinweise! Bei individuell beschichteten Solarblechen ist leider keine R\u00fccknahme m\u00f6glich. Die Beschichtung wird extra durchgef\u00fchrt f\u00fcr Sie, Lieferzeit 2 Wochen. Bei Pulverbeschichtungen gibt es eine Mindestbestellmenge von 25 St\u00fcck. (Mindermengenzuschlag seitens der Beschichtungsfirma) Spezifikation von Pulverbeschichteten ALU Solarblechen [&hellip;]<\/p>\n","protected":false},"featured_media":3084,"template":"","meta":[],"pwb-brand":[16],"product_brand":[],"product_cat":[52],"product_tag":[],"class_list":{"0":"post-1551","1":"product","2":"type-product","3":"status-publish","4":"has-post-thumbnail","6":"pwb-brand-solarblech","7":"product_cat-solarbleche","9":"first","10":"instock","11":"taxable","12":"shipping-taxable","13":"purchasable","14":"product-type-simple"},"brands":[{"id":16,"name":"Zonneplaat","slug":"solarblech"}],"_links":{"self":[{"href":"https:\/\/solarblech.shop\/be\/wp-json\/wp\/v2\/product\/1551","targetHints":{"allow":["GET"]}}],"collection":[{"href":"https:\/\/solarblech.shop\/be\/wp-json\/wp\/v2\/product"}],"about":[{"href":"https:\/\/solarblech.shop\/be\/wp-json\/wp\/v2\/types\/product"}],"wp:featuredmedia":[{"embeddable":true,"href":"https:\/\/solarblech.shop\/be\/wp-json\/wp\/v2\/media\/3084"}],"wp:attachment":[{"href":"https:\/\/solarblech.shop\/be\/wp-json\/wp\/v2\/media?parent=1551"}],"wp:term":[{"taxonomy":"pwb-brand","embeddable":true,"href":"https:\/\/solarblech.shop\/be\/wp-json\/wp\/v2\/pwb-brand?post=1551"},{"taxonomy":"product_brand","embeddable":true,"href":"https:\/\/solarblech.shop\/be\/wp-json\/wp\/v2\/product_brand?post=1551"},{"taxonomy":"product_cat","embeddable":true,"href":"https:\/\/solarblech.shop\/be\/wp-json\/wp\/v2\/product_cat?post=1551"},{"taxonomy":"product_tag","embeddable":true,"href":"https:\/\/solarblech.shop\/be\/wp-json\/wp\/v2\/product_tag?post=1551"}],"curies":[{"name":"wp","href":"https:\/\/api.w.org\/{rel}","templated":true}]}}